{"id":5931,"date":"2024-03-08T14:11:31","date_gmt":"2024-03-08T14:11:31","guid":{"rendered":"https:\/\/barcelonatickets.org\/ueber-barcelona-tickets\/"},"modified":"2024-03-19T08:47:31","modified_gmt":"2024-03-19T08:47:31","slug":"ueber-barcelona-tickets","status":"publish","type":"page","link":"https:\/\/barcelonatickets.org\/de\/ueber-barcelona-tickets\/","title":{"rendered":"\u00dcber Barcelona-Tickets"},"content":{"rendered":"\t\t<div data-elementor-type=\"wp-page\" data-elementor-id=\"5931\" class=\"elementor elementor-5931 elementor-5922\">\n\t\t\t\t\t\t\t\t\t<section class=\"elementor-section elementor-top-section elementor-element elementor-element-6bd7c245 elementor-section-height-min-height elementor-section-boxed elementor-section-height-default elementor-section-items-middle\" data-id=\"6bd7c245\" data-element_type=\"section\" data-settings=\"{&quot;background_background&quot;:&quot;classic&quot;}\">\n\t\t\t\t\t\t\t<div class=\"elementor-background-overlay\"><\/div>\n\t\t\t\t\t\t\t<div class=\"elementor-container elementor-column-gap-default\">\n\t\t\t\t\t<div class=\"elementor-column elementor-col-50 elementor-top-column elementor-element elementor-element-3a82f3e9\" data-id=\"3a82f3e9\" data-element_type=\"column\">\n\t\t\t<div class=\"elementor-widget-wrap elementor-element-populated\">\n\t\t\t\t\t\t\t\t<div class=\"elementor-element elementor-element-6036d641 elementor-widget elementor-widget-heading\" data-id=\"6036d641\" data-element_type=\"widget\" data-widget_type=\"heading.default\">\n\t\t\t\t<div class=\"elementor-widget-container\">\n\t\t\t<style>\/*! elementor - v3.15.0 - 31-07-2023 *\/\n.elementor-heading-title{padding:0;margin:0;line-height:1}.elementor-widget-heading .elementor-heading-title[class*=elementor-size-]>a{color:inherit;font-size:inherit;line-height:inherit}.elementor-widget-heading .elementor-heading-title.elementor-size-small{font-size:15px}.elementor-widget-heading .elementor-heading-title.elementor-size-medium{font-size:19px}.elementor-widget-heading .elementor-heading-title.elementor-size-large{font-size:29px}.elementor-widget-heading .elementor-heading-title.elementor-size-xl{font-size:39px}.elementor-widget-heading .elementor-heading-title.elementor-size-xxl{font-size:59px}<\/style><h1 class=\"elementor-heading-title elementor-size-default\">\u00dcber Barcelona-Tickets<\/h1>\t\t<\/div>\n\t\t\t\t<\/div>\n\t\t\t\t\t<\/div>\n\t\t<\/div>\n\t\t\t\t<div class=\"elementor-column elementor-col-50 elementor-top-column elementor-element elementor-element-736654e7\" data-id=\"736654e7\" data-element_type=\"column\">\n\t\t\t<div class=\"elementor-widget-wrap\">\n\t\t\t\t\t\t\t\t\t<\/div>\n\t\t<\/div>\n\t\t\t\t\t\t\t<\/div>\n\t\t<\/section>\n\t\t\t\t<section class=\"elementor-section elementor-top-section elementor-element elementor-element-1431efd4 elementor-section-height-min-height elementor-section-boxed elementor-section-height-default elementor-section-items-middle\" data-id=\"1431efd4\" data-element_type=\"section\" data-settings=\"{&quot;background_background&quot;:&quot;classic&quot;}\">\n\t\t\t\t\t\t<div class=\"elementor-container elementor-column-gap-default\">\n\t\t\t\t\t<div class=\"elementor-column elementor-col-100 elementor-top-column elementor-element elementor-element-3cb0d836\" data-id=\"3cb0d836\" data-element_type=\"column\">\n\t\t\t<div class=\"elementor-widget-wrap\">\n\t\t\t\t\t\t\t\t\t<\/div>\n\t\t<\/div>\n\t\t\t\t\t\t\t<\/div>\n\t\t<\/section>\n\t\t\t\t<section class=\"elementor-section elementor-top-section elementor-element elementor-element-7228044 elementor-section-boxed elementor-section-height-default elementor-section-height-default\" data-id=\"7228044\" data-element_type=\"section\">\n\t\t\t\t\t\t<div class=\"elementor-container elementor-column-gap-default\">\n\t\t\t\t\t<div class=\"elementor-column elementor-col-100 elementor-top-column elementor-element elementor-element-5fc2da1\" data-id=\"5fc2da1\" data-element_type=\"column\">\n\t\t\t<div class=\"elementor-widget-wrap elementor-element-populated\">\n\t\t\t\t\t\t\t\t<div class=\"elementor-element elementor-element-4306949 elementor-widget elementor-widget-text-editor\" data-id=\"4306949\" data-element_type=\"widget\" data-widget_type=\"text-editor.default\">\n\t\t\t\t<div class=\"elementor-widget-container\">\n\t\t\t<style>\/*! elementor - v3.15.0 - 31-07-2023 *\/\n.elementor-widget-text-editor.elementor-drop-cap-view-stacked .elementor-drop-cap{background-color:#69727d;color:#fff}.elementor-widget-text-editor.elementor-drop-cap-view-framed .elementor-drop-cap{color:#69727d;border:3px solid;background-color:transparent}.elementor-widget-text-editor:not(.elementor-drop-cap-view-default) .elementor-drop-cap{margin-top:8px}.elementor-widget-text-editor:not(.elementor-drop-cap-view-default) .elementor-drop-cap-letter{width:1em;height:1em}.elementor-widget-text-editor .elementor-drop-cap{float:left;text-align:center;line-height:1;font-size:50px}.elementor-widget-text-editor .elementor-drop-cap-letter{display:inline-block}<\/style>\t\t\t\t<p><span style=\"font-weight: 400;\">Wir von Barcelona Tickets haben es uns zur Aufgabe gemacht, die Besucher mit den <\/span><b>Barcelonas ber\u00fchmtesten kulturellen und architektonischen Wundern<\/b><span style=\"font-weight: 400;\">. Wir sind eine Plattform, die sich ausschlie\u00dflich folgenden Themen widmet  <\/span><b>Buchung von Eintrittskarten f\u00fcr Attraktionen <\/b><span style=\"font-weight: 400;\">wie zum Beispiel <\/span><b>Sagrada Familia, Park G\u00fcell<\/b><span style=\"font-weight: 400;\">La Roca Village, Casa Batll\u00f3 und das Camp Nou des FC Barcelona. Unser Ziel ist es, Ihren Aufenthalt in Barcelona von dem Moment an, in dem Sie Ihr Ticket buchen, unvergesslich zu machen.<\/span><\/p>\n\t\t\t\t\t\t<\/div>\n\t\t\t\t<\/div>\n\t\t\t\t\t<\/div>\n\t\t<\/div>\n\t\t\t\t\t\t\t<\/div>\n\t\t<\/section>\n\t\t\t\t<section class=\"elementor-section elementor-top-section elementor-element elementor-element-241fad36 elementor-section-boxed elementor-section-height-default elementor-section-height-default\" data-id=\"241fad36\" data-element_type=\"section\">\n\t\t\t\t\t\t<div class=\"elementor-container elementor-column-gap-default\">\n\t\t\t\t\t<div class=\"elementor-column elementor-col-100 elementor-top-column elementor-element elementor-element-6bfd2bd5\" data-id=\"6bfd2bd5\" data-element_type=\"column\">\n\t\t\t<div class=\"elementor-widget-wrap elementor-element-populated\">\n\t\t\t\t\t\t\t\t<div class=\"elementor-element elementor-element-6239c0c7 elementor-widget elementor-widget-heading\" data-id=\"6239c0c7\" data-element_type=\"widget\" data-widget_type=\"heading.default\">\n\t\t\t\t<div class=\"elementor-widget-container\">\n\t\t\t<h2 class=\"elementor-heading-title elementor-size-default\">Wer sind Barcelona Tickets?<\/h2>\t\t<\/div>\n\t\t\t\t<\/div>\n\t\t\t\t<div class=\"elementor-element elementor-element-19cd0490 elementor-widget elementor-widget-text-editor\" data-id=\"19cd0490\" data-element_type=\"widget\" data-widget_type=\"text-editor.default\">\n\t\t\t\t<div class=\"elementor-widget-container\">\n\t\t\t\t\t\t\t<p>Wir von Barcelona Tickets sind ein Team aus lokalen Experten und Tourismus-Enthusiasten, die sich mit einem klaren Ziel zusammengetan haben: <strong>Besuchern die Erkundung von Barcelonas ber\u00fchmtesten<\/strong> Sehensw\u00fcrdigkeiten zu erleichtern. Wir sind bestrebt, Ihnen eine problemlose Buchung zu erm\u00f6glichen und Sie mit allen Informationen zu versorgen, die Sie ben\u00f6tigen, um das Beste aus Ihrem Besuch zu machen.<\/p>\n\t\t\t\t\t\t<\/div>\n\t\t\t\t<\/div>\n\t\t\t\t\t<\/div>\n\t\t<\/div>\n\t\t\t\t\t\t\t<\/div>\n\t\t<\/section>\n\t\t\t\t<section class=\"elementor-section elementor-top-section elementor-element elementor-element-4c593aad elementor-section-boxed elementor-section-height-default elementor-section-height-default\" data-id=\"4c593aad\" data-element_type=\"section\">\n\t\t\t\t\t\t<div class=\"elementor-container elementor-column-gap-default\">\n\t\t\t\t\t<div class=\"elementor-column elementor-col-100 elementor-top-column elementor-element elementor-element-7de9e155\" data-id=\"7de9e155\" data-element_type=\"column\">\n\t\t\t<div class=\"elementor-widget-wrap elementor-element-populated\">\n\t\t\t\t\t\t\t\t<div class=\"elementor-element elementor-element-1a8167a9 elementor-widget elementor-widget-heading\" data-id=\"1a8167a9\" data-element_type=\"widget\" data-widget_type=\"heading.default\">\n\t\t\t\t<div class=\"elementor-widget-container\">\n\t\t\t<h2 class=\"elementor-heading-title elementor-size-default\">Unser Auftrag<\/h2>\t\t<\/div>\n\t\t\t\t<\/div>\n\t\t\t\t<div class=\"elementor-element elementor-element-33e49bc7 elementor-widget elementor-widget-text-editor\" data-id=\"33e49bc7\" data-element_type=\"widget\" data-widget_type=\"text-editor.default\">\n\t\t\t\t<div class=\"elementor-widget-container\">\n\t\t\t\t\t\t\t<p>Unser Ziel bei Barcelona Tickets ist es, Ihr zuverl\u00e4ssiger Partner bei der Erkundung Barcelonas zu sein. Wir m\u00f6chten den Buchungsprozess vereinfachen, damit Sie sich darauf konzentrieren k\u00f6nnen, jeden Moment Ihres Aufenthalts in der Stadt zu genie\u00dfen. Wir bieten Ihnen einen sicheren und bequemen Zugang zu den wichtigsten Attraktionen, damit Ihr Besuch in Barcelona unvergesslich und bereichernd wird.<\/p>\n<p>Wir m\u00f6chten Ihnen die T\u00fcren zur <b>Kultur Barcelonas<\/b> \u00f6ffnen und Ihnen Zugang zu den Meisterwerken verschaffen, die Generationen in ihren Bann gezogen haben.<br \/><b><br \/>Unterst\u00fctzung, wenn Sie sie brauchen<\/b><br \/>Kundensupport, der Ihnen von 9:00 bis 19:00 Uhr bei allem hilft, was Sie brauchen<br \/><b><br \/>Schnell und online buchen<\/b><br \/>W\u00e4hlen Sie die beste Option f\u00fcr Ihre Bed\u00fcrfnisse und Vorlieben und vermeiden Sie die Warteschlangen bei der Buchung hier<br \/><b><br \/>Barcelona Top-Attraktionen<\/b><br \/>Verpassen Sie nicht die Gelegenheit, die besten Attraktionen Barcelonas zu besuchen.<\/p>\n<p>Machen Sie Ihren Besuch in Barcelona zu einem perfekten Erlebnis mit Barcelona Tickets. Buchen Sie Ihre Tickets bei uns und machen Sie sich bereit, die Sch\u00f6nheit und Aufregung zu entdecken, die diese pulsierende Stadt zu bieten hat. Willkommen in Barcelona, wo jede Ecke voller Geschichte, Kultur und Spa\u00df ist!<\/p>\n\t\t\t\t\t\t<\/div>\n\t\t\t\t<\/div>\n\t\t\t\t\t<\/div>\n\t\t<\/div>\n\t\t\t\t\t\t\t<\/div>\n\t\t<\/section>\n\t\t\t\t<section class=\"elementor-section elementor-top-section elementor-element elementor-element-1579ecb elementor-section-boxed elementor-section-height-default elementor-section-height-default\" data-id=\"1579ecb\" data-element_type=\"section\">\n\t\t\t\t\t\t<div class=\"elementor-container elementor-column-gap-default\">\n\t\t\t\t\t<div class=\"elementor-column elementor-col-100 elementor-top-column elementor-element elementor-element-86b8d19\" data-id=\"86b8d19\" data-element_type=\"column\">\n\t\t\t<div class=\"elementor-widget-wrap elementor-element-populated\">\n\t\t\t\t\t\t\t\t<div class=\"elementor-element elementor-element-18fcff1 elementor-widget elementor-widget-text-editor\" data-id=\"18fcff1\" data-element_type=\"widget\" data-widget_type=\"text-editor.default\">\n\t\t\t\t<div class=\"elementor-widget-container\">\n\t\t\t\t\t\t\tBarcelona Tickets &#8211; Entdecken Sie Barcelona wie nie zuvor: Ihr exklusiver Zugang zu den besten Veranstaltungen und Attraktionen der Stadt.\n\t\t\t\t\t\t<\/div>\n\t\t\t\t<\/div>\n\t\t\t\t\t<\/div>\n\t\t<\/div>\n\t\t\t\t\t\t\t<\/div>\n\t\t<\/section>\n\t\t\t\t\t\t\t<\/div>\n\t\t","protected":false},"excerpt":{"rendered":"<p>\u00dcber Barcelona-Tickets Wir von Barcelona Tickets haben es uns zur Aufgabe gemacht, die Besucher mit den Barcelonas ber\u00fchmtesten kulturellen und architektonischen Wundern. Wir sind eine Plattform, die sich ausschlie\u00dflich folgenden Themen widmet Buchung von Eintrittskarten f\u00fcr Attraktionen wie zum Beispiel Sagrada Familia, Park G\u00fcellLa Roca Village, Casa Batll\u00f3 und das Camp Nou des FC Barcelona. [&hellip;]<\/p>\n","protected":false},"author":1,"featured_media":0,"parent":0,"menu_order":0,"comment_status":"closed","ping_status":"closed","template":"elementor_header_footer","meta":{"footnotes":""},"class_list":["post-5931","page","type-page","status-publish","hentry","page_category-stadtfuhrer-von-barcelona"],"yoast_head":"<!-- This site is optimized with the Yoast SEO plugin v20.12 - https:\/\/yoast.com\/wordpress\/plugins\/seo\/ -->\n<title>Entdecken Sie alle Informationen \u00fcber Barcelona Tickets<\/title>\n<meta name=\"description\" content=\"Denken Sie daran, nach Barcelona in den Urlaub zu fahren? Bei Barcelona Tickets m\u00f6chten wir Ihnen Tickets f\u00fcr Sehensw\u00fcrdigkeiten in Barcelona und n\u00fctzliche Informationen f\u00fcr Ihren Besuch anbieten.\" \/>\n<meta name=\"robots\" content=\"index, follow, max-snippet:-1, max-image-preview:large, max-video-preview:-1\" \/>\n<link rel=\"canonical\" href=\"https:\/\/barcelonatickets.org\/de\/ueber-barcelona-tickets\/\" \/>\n<meta property=\"og:locale\" content=\"de_DE\" \/>\n<meta property=\"og:type\" content=\"article\" \/>\n<meta property=\"og:title\" content=\"Entdecken Sie alle Informationen \u00fcber Barcelona Tickets\" \/>\n<meta property=\"og:description\" content=\"Denken Sie daran, nach Barcelona in den Urlaub zu fahren? Bei Barcelona Tickets m\u00f6chten wir Ihnen Tickets f\u00fcr Sehensw\u00fcrdigkeiten in Barcelona und n\u00fctzliche Informationen f\u00fcr Ihren Besuch anbieten.\" \/>\n<meta property=\"og:url\" content=\"https:\/\/barcelonatickets.org\/de\/ueber-barcelona-tickets\/\" \/>\n<meta property=\"og:site_name\" content=\"Barcelona Tickets\" \/>\n<meta property=\"article:modified_time\" content=\"2024-03-19T08:47:31+00:00\" \/>\n<meta name=\"twitter:card\" content=\"summary_large_image\" \/>\n<meta name=\"twitter:label1\" content=\"Gesch\u00e4tzte Lesezeit\" \/>\n\t<meta name=\"twitter:data1\" content=\"2\u00a0Minuten\" \/>\n<script type=\"application\/ld+json\" class=\"yoast-schema-graph\">{\"@context\":\"https:\/\/schema.org\",\"@graph\":[{\"@type\":\"WebPage\",\"@id\":\"https:\/\/barcelonatickets.org\/de\/ueber-barcelona-tickets\/\",\"url\":\"https:\/\/barcelonatickets.org\/de\/ueber-barcelona-tickets\/\",\"name\":\"Entdecken Sie alle Informationen \u00fcber Barcelona Tickets\",\"isPartOf\":{\"@id\":\"https:\/\/barcelonatickets.org\/de\/#website\"},\"datePublished\":\"2024-03-08T14:11:31+00:00\",\"dateModified\":\"2024-03-19T08:47:31+00:00\",\"description\":\"Denken Sie daran, nach Barcelona in den Urlaub zu fahren? Bei Barcelona Tickets m\u00f6chten wir Ihnen Tickets f\u00fcr Sehensw\u00fcrdigkeiten in Barcelona und n\u00fctzliche Informationen f\u00fcr Ihren Besuch anbieten.\",\"breadcrumb\":{\"@id\":\"https:\/\/barcelonatickets.org\/de\/ueber-barcelona-tickets\/#breadcrumb\"},\"inLanguage\":\"de\",\"potentialAction\":[{\"@type\":\"ReadAction\",\"target\":[\"https:\/\/barcelonatickets.org\/de\/ueber-barcelona-tickets\/\"]}]},{\"@type\":\"BreadcrumbList\",\"@id\":\"https:\/\/barcelonatickets.org\/de\/ueber-barcelona-tickets\/#breadcrumb\",\"itemListElement\":[{\"@type\":\"ListItem\",\"position\":1,\"name\":\"Home\",\"item\":\"https:\/\/barcelonatickets.org\/de\/\"},{\"@type\":\"ListItem\",\"position\":2,\"name\":\"\u00dcber Barcelona-Tickets\"}]},{\"@type\":\"WebSite\",\"@id\":\"https:\/\/barcelonatickets.org\/de\/#website\",\"url\":\"https:\/\/barcelonatickets.org\/de\/\",\"name\":\"Barcelona Tickets\",\"description\":\"\",\"publisher\":{\"@id\":\"https:\/\/barcelonatickets.org\/de\/#organization\"},\"potentialAction\":[{\"@type\":\"SearchAction\",\"target\":{\"@type\":\"EntryPoint\",\"urlTemplate\":\"https:\/\/barcelonatickets.org\/de\/?s={search_term_string}\"},\"query-input\":\"required name=search_term_string\"}],\"inLanguage\":\"de\"},{\"@type\":\"Organization\",\"@id\":\"https:\/\/barcelonatickets.org\/de\/#organization\",\"name\":\"Barcelona Tickets\",\"url\":\"https:\/\/barcelonatickets.org\/de\/\",\"logo\":{\"@type\":\"ImageObject\",\"inLanguage\":\"de\",\"@id\":\"https:\/\/barcelonatickets.org\/de\/#\/schema\/logo\/image\/\",\"url\":\"https:\/\/barcelonatickets.org\/wp-content\/uploads\/2023\/05\/logo-bt-3.png\",\"contentUrl\":\"https:\/\/barcelonatickets.org\/wp-content\/uploads\/2023\/05\/logo-bt-3.png\",\"width\":225,\"height\":37,\"caption\":\"Barcelona Tickets\"},\"image\":{\"@id\":\"https:\/\/barcelonatickets.org\/de\/#\/schema\/logo\/image\/\"}}]}<\/script>\n<!-- \/ Yoast SEO plugin. -->","yoast_head_json":{"title":"Entdecken Sie alle Informationen \u00fcber Barcelona Tickets","description":"Denken Sie daran, nach Barcelona in den Urlaub zu fahren? Bei Barcelona Tickets m\u00f6chten wir Ihnen Tickets f\u00fcr Sehensw\u00fcrdigkeiten in Barcelona und n\u00fctzliche Informationen f\u00fcr Ihren Besuch anbieten.","robots":{"index":"index","follow":"follow","max-snippet":"max-snippet:-1","max-image-preview":"max-image-preview:large","max-video-preview":"max-video-preview:-1"},"canonical":"https:\/\/barcelonatickets.org\/de\/ueber-barcelona-tickets\/","og_locale":"de_DE","og_type":"article","og_title":"Entdecken Sie alle Informationen \u00fcber Barcelona Tickets","og_description":"Denken Sie daran, nach Barcelona in den Urlaub zu fahren? Bei Barcelona Tickets m\u00f6chten wir Ihnen Tickets f\u00fcr Sehensw\u00fcrdigkeiten in Barcelona und n\u00fctzliche Informationen f\u00fcr Ihren Besuch anbieten.","og_url":"https:\/\/barcelonatickets.org\/de\/ueber-barcelona-tickets\/","og_site_name":"Barcelona Tickets","article_modified_time":"2024-03-19T08:47:31+00:00","twitter_card":"summary_large_image","twitter_misc":{"Gesch\u00e4tzte Lesezeit":"2\u00a0Minuten"},"schema":{"@context":"https:\/\/schema.org","@graph":[{"@type":"WebPage","@id":"https:\/\/barcelonatickets.org\/de\/ueber-barcelona-tickets\/","url":"https:\/\/barcelonatickets.org\/de\/ueber-barcelona-tickets\/","name":"Entdecken Sie alle Informationen \u00fcber Barcelona Tickets","isPartOf":{"@id":"https:\/\/barcelonatickets.org\/de\/#website"},"datePublished":"2024-03-08T14:11:31+00:00","dateModified":"2024-03-19T08:47:31+00:00","description":"Denken Sie daran, nach Barcelona in den Urlaub zu fahren? Bei Barcelona Tickets m\u00f6chten wir Ihnen Tickets f\u00fcr Sehensw\u00fcrdigkeiten in Barcelona und n\u00fctzliche Informationen f\u00fcr Ihren Besuch anbieten.","breadcrumb":{"@id":"https:\/\/barcelonatickets.org\/de\/ueber-barcelona-tickets\/#breadcrumb"},"inLanguage":"de","potentialAction":[{"@type":"ReadAction","target":["https:\/\/barcelonatickets.org\/de\/ueber-barcelona-tickets\/"]}]},{"@type":"BreadcrumbList","@id":"https:\/\/barcelonatickets.org\/de\/ueber-barcelona-tickets\/#breadcrumb","itemListElement":[{"@type":"ListItem","position":1,"name":"Home","item":"https:\/\/barcelonatickets.org\/de\/"},{"@type":"ListItem","position":2,"name":"\u00dcber Barcelona-Tickets"}]},{"@type":"WebSite","@id":"https:\/\/barcelonatickets.org\/de\/#website","url":"https:\/\/barcelonatickets.org\/de\/","name":"Barcelona Tickets","description":"","publisher":{"@id":"https:\/\/barcelonatickets.org\/de\/#organization"},"potentialAction":[{"@type":"SearchAction","target":{"@type":"EntryPoint","urlTemplate":"https:\/\/barcelonatickets.org\/de\/?s={search_term_string}"},"query-input":"required name=search_term_string"}],"inLanguage":"de"},{"@type":"Organization","@id":"https:\/\/barcelonatickets.org\/de\/#organization","name":"Barcelona Tickets","url":"https:\/\/barcelonatickets.org\/de\/","logo":{"@type":"ImageObject","inLanguage":"de","@id":"https:\/\/barcelonatickets.org\/de\/#\/schema\/logo\/image\/","url":"https:\/\/barcelonatickets.org\/wp-content\/uploads\/2023\/05\/logo-bt-3.png","contentUrl":"https:\/\/barcelonatickets.org\/wp-content\/uploads\/2023\/05\/logo-bt-3.png","width":225,"height":37,"caption":"Barcelona Tickets"},"image":{"@id":"https:\/\/barcelonatickets.org\/de\/#\/schema\/logo\/image\/"}}]}},"_links":{"self":[{"href":"https:\/\/barcelonatickets.org\/de\/wp-json\/wp\/v2\/pages\/5931","targetHints":{"allow":["GET"]}}],"collection":[{"href":"https:\/\/barcelonatickets.org\/de\/wp-json\/wp\/v2\/pages"}],"about":[{"href":"https:\/\/barcelonatickets.org\/de\/wp-json\/wp\/v2\/types\/page"}],"author":[{"embeddable":true,"href":"https:\/\/barcelonatickets.org\/de\/wp-json\/wp\/v2\/users\/1"}],"replies":[{"embeddable":true,"href":"https:\/\/barcelonatickets.org\/de\/wp-json\/wp\/v2\/comments?post=5931"}],"version-history":[{"count":1,"href":"https:\/\/barcelonatickets.org\/de\/wp-json\/wp\/v2\/pages\/5931\/revisions"}],"predecessor-version":[{"id":5933,"href":"https:\/\/barcelonatickets.org\/de\/wp-json\/wp\/v2\/pages\/5931\/revisions\/5933"}],"wp:attachment":[{"href":"https:\/\/barcelonatickets.org\/de\/wp-json\/wp\/v2\/media?parent=5931"}],"curies":[{"name":"wp","href":"https:\/\/api.w.org\/{rel}","templated":true}]}}