{"id":900,"date":"2023-04-06T12:22:16","date_gmt":"2023-04-06T12:22:16","guid":{"rendered":"https:\/\/barcelonatickets.org\/cookies-politik\/"},"modified":"2024-03-21T11:20:27","modified_gmt":"2024-03-21T11:20:27","slug":"cookies-politik","status":"publish","type":"page","link":"https:\/\/barcelonatickets.org\/de\/cookies-politik\/","title":{"rendered":"Barcelona Tickets Cookies-Richtlinie"},"content":{"rendered":"\t\t<div data-elementor-type=\"wp-page\" data-elementor-id=\"900\" class=\"elementor elementor-900 elementor-322\">\n\t\t\t\t\t\t\t\t\t<section class=\"elementor-section elementor-top-section elementor-element elementor-element-5e8befdb elementor-section-boxed elementor-section-height-default elementor-section-height-default\" data-id=\"5e8befdb\" data-element_type=\"section\">\n\t\t\t\t\t\t<div class=\"elementor-container elementor-column-gap-default\">\n\t\t\t\t\t<div class=\"elementor-column elementor-col-100 elementor-top-column elementor-element elementor-element-2ed3c4b6\" data-id=\"2ed3c4b6\" data-element_type=\"column\">\n\t\t\t<div class=\"elementor-widget-wrap elementor-element-populated\">\n\t\t\t\t\t\t\t\t<div class=\"elementor-element elementor-element-4a8ba147 elementor-widget elementor-widget-text-editor\" data-id=\"4a8ba147\" data-element_type=\"widget\" data-widget_type=\"text-editor.default\">\n\t\t\t\t<div class=\"elementor-widget-container\">\n\t\t\t<style>\/*! elementor - v3.15.0 - 31-07-2023 *\/\n.elementor-widget-text-editor.elementor-drop-cap-view-stacked .elementor-drop-cap{background-color:#69727d;color:#fff}.elementor-widget-text-editor.elementor-drop-cap-view-framed .elementor-drop-cap{color:#69727d;border:3px solid;background-color:transparent}.elementor-widget-text-editor:not(.elementor-drop-cap-view-default) .elementor-drop-cap{margin-top:8px}.elementor-widget-text-editor:not(.elementor-drop-cap-view-default) .elementor-drop-cap-letter{width:1em;height:1em}.elementor-widget-text-editor .elementor-drop-cap{float:left;text-align:center;line-height:1;font-size:50px}.elementor-widget-text-editor .elementor-drop-cap-letter{display:inline-block}<\/style>\t\t\t\t<p><strong>1. IDENTIFIZIERUNG UND KONTAKTANGABEN DES F\u00dcR DIE VERARBEITUNG VERANTWORTLICHEN<\/strong><\/p>\n<p><span style=\"font-weight: 400;\"><img loading=\"lazy\" decoding=\"async\" class=\"alignnone size-full wp-image-4640\" src=\"http:\/\/barcelonatickets.org\/wp-content\/uploads\/Ticket-Management-System-SL.webp\" alt=\"\" width=\"254\" height=\"16\">, ID-Nummer  <img loading=\"lazy\" decoding=\"async\" class=\"alignnone size-full wp-image-4665\" src=\"http:\/\/barcelonatickets.org\/wp-content\/uploads\/NIF-TMS.webp\" alt=\"NIF TMS\" width=\"111\" height=\"16\">mit Sitz in der Calle Balmes n\u00ba 32, Principal 2\u00aa, C.P. 08007 Barcelona (Spanien) und eingetragen im Companies House von (Barcelona) unter Band 47314, Seite 29 (im Folgenden der &#8222;Datenverantwortliche&#8220;), ist verantwortlich f\u00fcr die Verarbeitung von Daten, die infolge des Zugriffs, der Nutzung und des Surfens durch die Nutzer von www.barcelonatickets.org (im Folgenden der &#8222;Benutzer&#8220; oder &#8222;Benutzer&#8220; und die &#8222;Website&#8220; oder das &#8222;Web&#8220;), und verwendet Cookies zum Zweck der \u00dcberwachung der Surfgewohnheiten der Benutzer auf dieser Website, wie in dieser Cookie-Politik (im Folgenden die &#8222;Cookie-Politik&#8220;) angegeben.<\/span><\/p>\n<p><strong>2. KONZEPT<\/strong><\/p>\n<p><span style=\"font-weight: 400;\">Ein Cookie ist eine Datei, die auf die Hardware des Nutzers heruntergeladen wird, wenn er auf bestimmte Webseiten zugreift, um Informationen \u00fcber das von seinem Ger\u00e4t aus durchgef\u00fchrte Surfen zu speichern und abzurufen. Die durch Cookies gesammelten Informationen erm\u00f6glichen es uns also, Informationen \u00fcber die Surfgewohnheiten der Nutzer zu erhalten.<\/span><\/p>\n<p><strong>3. ARTEN VON COOKIES UND DATENVERARBEITUNG DURCH COOKIES<\/strong><\/p>\n<p><span style=\"font-weight: 400;\">Diese Website erlaubt nur die Verwendung von Cookies des Tools Google Analytics der Google Inc. (im Folgenden &#8222;Google&#8220;), einem in Delaware, 1600 Amphitheatre Parkway, Mountain View (Kalifornien), CA 94043, USA, eingetragenen Unternehmen, das somit der f\u00fcr die personenbezogenen Daten verantwortliche Dritte ist.<\/span><\/p>\n<p><span style=\"font-weight: 400;\">In diesem Zusammenhang erfasst Google Analytics die Interaktionen der Nutzer auf der Website (Zeitpunkt des Besuchs, ob der Nutzer schon einmal auf der Website war, welche Website dem Nutzer den Besuch der betreffenden Website empfohlen hat, IP-Adresse usw.).) und liefert dem f\u00fcr die Verarbeitung Verantwortlichen keine Informationen \u00fcber die tats\u00e4chliche IP-Adresse des Nutzers, sondern lediglich statistische Informationen \u00fcber Besuche (Einzelbesucher, Anzahl der aufgerufenen Seiten, Seite\/Ansicht, durchschnittliche Besuchsdauer, Absprungrate, Prozentsatz neuer Besuche, neue und wiederkehrende Besucher, H\u00e4ufigkeit und letzte Besuche, Interaktionen, besuchte Seiten), demografische Daten (Sprache, Land\/Gebiet, Stadt), System (Browser, Betriebssystem, Internetzugangsanbieter, Ger\u00e4tekategorie), Quelle\/Medium, usw.<\/span><\/p>\n<p><strong>4. ZWECK DER COOKIES<\/strong><\/p>\n<p><span style=\"font-weight: 400;\">Der Zweck ist, dass der f\u00fcr die Datenverarbeitung Verantwortliche etwas \u00fcber die Surfgewohnheiten der Nutzer der Website erfahren kann und verschiedene Berichte einsehen kann, die beschreiben, wie die Nutzer, die die Website besuchen, interagieren, um sie zu verbessern. Anhand dieser Informationen kann der f\u00fcr die Verarbeitung Verantwortliche das Browsing der Nutzer der Website analysieren, und Google Analytics berichtet auch \u00fcber die Trends der Website, ohne die Nutzer zu identifizieren.<\/span><\/p>\n<p><span style=\"font-weight: 400;\">Andererseits kann der Nutzer die allgemeinen Gesch\u00e4ftsbedingungen von Google unter www.google.com\/analytics\/tos.html und die Datenschutzbestimmungen unter www.google.com\/intl\/es\/policies\/privacy einsehen.<\/span><\/p>\n<p><span style=\"font-weight: 400;\">Der f\u00fcr die Verarbeitung Verantwortliche kann jedoch den Inhalt und die Richtigkeit der Bedingungen und Datenschutzrichtlinien von Google, auf die in dieser Cookie-Richtlinie verwiesen wird, nicht kontrollieren und ist f\u00fcr diese nicht verantwortlich.<\/span><\/p>\n<p><strong>5. DEAKTIVIERUNG VON COOKIES<\/strong><\/p>\n<p><span style=\"font-weight: 400;\">Die Besucher der Website k\u00f6nnen ihre Zustimmung jederzeit \u00fcber die Schaltfl\u00e4che oben in dieser Cookie-Richtlinie widerrufen.<\/span><\/p>\n<p><span style=\"font-weight: 400;\">Alternativ k\u00f6nnen Sie Google Analytics-Cookies auch \u00fcber die folgenden Systeme deaktivieren:<\/span><\/p>\n<ol>\n<li><span style=\"font-weight: 400;\">Das Deaktivierungssystem von Google Analytics ist \u00fcber den folgenden Link zug\u00e4nglich: <\/span><span style=\"font-weight: 400;\">https:\/\/tools.google.com\/dlpage\/gaoptout?hl=es <\/span> <\/li>\n<li><span style=\"font-weight: 400;\">Browser-Einstellungen, zum Beispiel:<\/span><\/li>\n<li style=\"list-style-type: none;\">\n<ol>\n<li style=\"list-style-type: none;\">\n<ol>\n<li><span style=\"font-weight: 400;\">Chrome, von support.google.com\/chrome\/answer\/95647?hl=de<\/span><\/li>\n<li><span style=\"font-weight: 400;\">Explorer, von support.microsoft.com\/de-us\/help\/17442\/windows-internetexplorer-delete-manage-cookies<\/span><\/li>\n<li><span style=\"font-weight: 400;\">Firefox, von support.mozilla.org\/kb\/kb\/de\/de\/enable-and-disable-cookies-websites-tracking-preferences<\/span><\/li>\n<li><span style=\"font-weight: 400;\">Safari, von support.apple.com\/de\/de\/guide\/safari\/sfri11471\/mac<\/span><\/li>\n<\/ol>\n<\/li>\n<\/ol>\n<\/li>\n<\/ol>\n<p><span style=\"font-weight: 400;\">Die Deaktivierung von Google Analytics-Cookies hindert Sie nicht daran, diese Website zu nutzen. Wenn Sie alle Cookies von dieser Website \u00fcber Ihren Browser l\u00f6schen, l\u00f6schen Sie auch die Einstellungen, die Sie f\u00fcr unsere Cookies gew\u00e4hlt haben. In jedem Fall m\u00fcssen Sie auf die aktuellste Version des jeweiligen Browsers zugreifen, und falls Sie einen anderen als den oben genannten Internet-Browser verwenden, empfehlen wir Ihnen, die verschiedenen Optionen zur Verwaltung von Cookies zu konsultieren, die in diesem Browser jederzeit verf\u00fcgbar sein k\u00f6nnen.<\/span><\/p>\n<p><strong>6. \u00c4NDERUNGEN AN DER COOKIE-POLITIK<\/strong><\/p>\n<p><span style=\"font-weight: 400;\">Um sicherzustellen, dass die Cookie-Richtlinien des f\u00fcr die Verarbeitung Verantwortlichen stets mit den jeweils geltenden gesetzlichen Bestimmungen \u00fcbereinstimmen, beh\u00e4lt sich der f\u00fcr die Verarbeitung Verantwortliche das Recht vor, diese Cookie-Richtlinie zu \u00e4ndern.<\/span><\/p>\n<p><strong>7. INTERNATIONALE DATENKOMMUNIKATION UND -\u00dcBERMITTLUNG<\/strong><\/p>\n<p><span style=\"font-weight: 400;\">Die auf der Website verwendeten Cookies von Drittanbietern geh\u00f6ren Google, das seinen Sitz in den Vereinigten Staaten hat und sich au\u00dferhalb des Europ\u00e4ischen Wirtschaftsraums befindet. Google ist ein Unterzeichner des EU-US-Datenschutzschilds.<\/span><\/p>\n<p><span style=\"font-weight: 400;\">Die Daten werden nicht an Dritte weitergegeben, es sei denn, dies ist in den vorgenannten Datenschutzbestimmungen von Google vorgesehen.<\/span><\/p>\n<p><strong>8. PRIVACY-POLITIK<\/strong><\/p>\n<p><span style=\"font-weight: 400;\">Weitere Informationen \u00fcber die Verarbeitung personenbezogener Daten finden Sie in unserer <a href=\"https:\/\/barcelonatickets.org\/privacy-policy-2\/\">Datenschutzrichtlinie<\/a>.<\/span><\/p>\n<p><strong>9. BENUTZERRECHTE<\/strong><\/p>\n<p><span style=\"font-weight: 400;\">Der Nutzer kann in Bezug auf die Verarbeitung, f\u00fcr die der f\u00fcr die Verarbeitung Verantwortliche zust\u00e4ndig ist, das Recht auf Auskunft, Berichtigung, L\u00f6schung, Widerspruch, Einschr\u00e4nkung der Verarbeitung und \u00dcbertragbarkeit aus\u00fcben und gegebenenfalls seine Einwilligung widerrufen. Zur wirksamen Aus\u00fcbung dieser Rechte muss der Nutzer den Antrag schriftlich an folgende Stelle richten  <a href=\"https:\/\/barcelonatickets.org\/contact\/\">Kontakt-Formular<\/a>und ihre Identit\u00e4t nachweisen, indem sie ihren Vor- und Nachnamen, eine Fotokopie ihres Personalausweises oder eines gleichwertigen Ausweisdokuments, das ihre Identit\u00e4t belegt, einen Antrag mit Angabe des Antrags, der Zustellungsanschrift sowie Datum und Unterschrift des Antragstellers vorlegen.<\/span><\/p>\n<p><span style=\"font-weight: 400;\">F\u00fcr die Aus\u00fcbung von Rechten gegen\u00fcber Google sollten Sie sich auf die oben genannten Bestimmungen der Datenschutzrichtlinie des Unternehmens beziehen.<\/span><\/p>\n<p><span style=\"font-weight: 400;\">Ebenso kann der Nutzer bei der spanischen Datenschutzbeh\u00f6rde (zust\u00e4ndige Kontrollbeh\u00f6rde in Spanien) eine Beschwerde einreichen, insbesondere wenn die Aus\u00fcbung seiner Rechte nicht zufriedenstellend war, und zwar schriftlich an die Adresse C\/ Jorge Juan, n\u00ba 6, 28001 &#8211; Madrid, oder \u00fcber die Website: www.agpd.es.<\/span><\/p>\n\t\t\t\t\t\t<\/div>\n\t\t\t\t<\/div>\n\t\t\t\t\t<\/div>\n\t\t<\/div>\n\t\t\t\t\t\t\t<\/div>\n\t\t<\/section>\n\t\t\t\t\t\t\t<\/div>\n\t\t","protected":false},"excerpt":{"rendered":"<p>1. IDENTIFIZIERUNG UND KONTAKTANGABEN DES F\u00dcR DIE VERARBEITUNG VERANTWORTLICHEN , ID-Nummer mit Sitz in der Calle Balmes n\u00ba 32, Principal 2\u00aa, C.P. 08007 Barcelona (Spanien) und eingetragen im Companies House von (Barcelona) unter Band 47314, Seite 29 (im Folgenden der &#8222;Datenverantwortliche&#8220;), ist verantwortlich f\u00fcr die Verarbeitung von Daten, die infolge des Zugriffs, der Nutzung und [&hellip;]<\/p>\n","protected":false},"author":1,"featured_media":0,"parent":0,"menu_order":0,"comment_status":"closed","ping_status":"closed","template":"","meta":{"footnotes":""},"class_list":["post-900","page","type-page","status-publish","hentry"],"yoast_head":"<!-- This site is optimized with the Yoast SEO plugin v20.12 - https:\/\/yoast.com\/wordpress\/plugins\/seo\/ -->\n<title>Barcelona Tickets Cookies-Richtlinie - Barcelona Tickets<\/title>\n<meta name=\"description\" content=\"Informieren Sie sich \u00fcber unsere Cookie-Richtlinie f\u00fcr den sicheren Kauf von Eintrittskarten f\u00fcr Barcelonas ber\u00fchmte Monumente. Vertrauen Sie auf ein angenehmes und sicheres Online-Erlebnis.\" \/>\n<meta name=\"robots\" content=\"noindex, follow\" \/>\n<meta property=\"og:locale\" content=\"de_DE\" \/>\n<meta property=\"og:type\" content=\"article\" \/>\n<meta property=\"og:title\" content=\"Barcelona Tickets Cookies-Richtlinie - Barcelona Tickets\" \/>\n<meta property=\"og:description\" content=\"Informieren Sie sich \u00fcber unsere Cookie-Richtlinie f\u00fcr den sicheren Kauf von Eintrittskarten f\u00fcr Barcelonas ber\u00fchmte Monumente. Vertrauen Sie auf ein angenehmes und sicheres Online-Erlebnis.\" \/>\n<meta property=\"og:url\" content=\"https:\/\/barcelonatickets.org\/de\/cookies-politik\/\" \/>\n<meta property=\"og:site_name\" content=\"Barcelona Tickets\" \/>\n<meta property=\"article:modified_time\" content=\"2024-03-21T11:20:27+00:00\" \/>\n<meta property=\"og:image\" content=\"http:\/\/barcelonatickets.org\/wp-content\/uploads\/Ticket-Management-System-SL.webp\" \/>\n<meta name=\"twitter:card\" content=\"summary_large_image\" \/>\n<meta name=\"twitter:label1\" content=\"Gesch\u00e4tzte Lesezeit\" \/>\n\t<meta name=\"twitter:data1\" content=\"5\u00a0Minuten\" \/>\n<script type=\"application\/ld+json\" class=\"yoast-schema-graph\">{\"@context\":\"https:\/\/schema.org\",\"@graph\":[{\"@type\":\"WebPage\",\"@id\":\"https:\/\/barcelonatickets.org\/de\/cookies-politik\/\",\"url\":\"https:\/\/barcelonatickets.org\/de\/cookies-politik\/\",\"name\":\"Barcelona Tickets Cookies-Richtlinie - Barcelona Tickets\",\"isPartOf\":{\"@id\":\"https:\/\/barcelonatickets.org\/de\/#website\"},\"datePublished\":\"2023-04-06T12:22:16+00:00\",\"dateModified\":\"2024-03-21T11:20:27+00:00\",\"description\":\"Informieren Sie sich \u00fcber unsere Cookie-Richtlinie f\u00fcr den sicheren Kauf von Eintrittskarten f\u00fcr Barcelonas ber\u00fchmte Monumente. Vertrauen Sie auf ein angenehmes und sicheres Online-Erlebnis.\",\"breadcrumb\":{\"@id\":\"https:\/\/barcelonatickets.org\/de\/cookies-politik\/#breadcrumb\"},\"inLanguage\":\"de\",\"potentialAction\":[{\"@type\":\"ReadAction\",\"target\":[\"https:\/\/barcelonatickets.org\/de\/cookies-politik\/\"]}]},{\"@type\":\"BreadcrumbList\",\"@id\":\"https:\/\/barcelonatickets.org\/de\/cookies-politik\/#breadcrumb\",\"itemListElement\":[{\"@type\":\"ListItem\",\"position\":1,\"name\":\"Home\",\"item\":\"https:\/\/barcelonatickets.org\/de\/\"},{\"@type\":\"ListItem\",\"position\":2,\"name\":\"Barcelona Tickets Cookies-Richtlinie\"}]},{\"@type\":\"WebSite\",\"@id\":\"https:\/\/barcelonatickets.org\/de\/#website\",\"url\":\"https:\/\/barcelonatickets.org\/de\/\",\"name\":\"Barcelona Tickets\",\"description\":\"\",\"publisher\":{\"@id\":\"https:\/\/barcelonatickets.org\/de\/#organization\"},\"potentialAction\":[{\"@type\":\"SearchAction\",\"target\":{\"@type\":\"EntryPoint\",\"urlTemplate\":\"https:\/\/barcelonatickets.org\/de\/?s={search_term_string}\"},\"query-input\":\"required name=search_term_string\"}],\"inLanguage\":\"de\"},{\"@type\":\"Organization\",\"@id\":\"https:\/\/barcelonatickets.org\/de\/#organization\",\"name\":\"Barcelona Tickets\",\"url\":\"https:\/\/barcelonatickets.org\/de\/\",\"logo\":{\"@type\":\"ImageObject\",\"inLanguage\":\"de\",\"@id\":\"https:\/\/barcelonatickets.org\/de\/#\/schema\/logo\/image\/\",\"url\":\"https:\/\/barcelonatickets.org\/wp-content\/uploads\/2023\/05\/logo-bt-3.png\",\"contentUrl\":\"https:\/\/barcelonatickets.org\/wp-content\/uploads\/2023\/05\/logo-bt-3.png\",\"width\":225,\"height\":37,\"caption\":\"Barcelona Tickets\"},\"image\":{\"@id\":\"https:\/\/barcelonatickets.org\/de\/#\/schema\/logo\/image\/\"}}]}<\/script>\n<!-- \/ Yoast SEO plugin. -->","yoast_head_json":{"title":"Barcelona Tickets Cookies-Richtlinie - Barcelona Tickets","description":"Informieren Sie sich \u00fcber unsere Cookie-Richtlinie f\u00fcr den sicheren Kauf von Eintrittskarten f\u00fcr Barcelonas ber\u00fchmte Monumente. Vertrauen Sie auf ein angenehmes und sicheres Online-Erlebnis.","robots":{"index":"noindex","follow":"follow"},"og_locale":"de_DE","og_type":"article","og_title":"Barcelona Tickets Cookies-Richtlinie - Barcelona Tickets","og_description":"Informieren Sie sich \u00fcber unsere Cookie-Richtlinie f\u00fcr den sicheren Kauf von Eintrittskarten f\u00fcr Barcelonas ber\u00fchmte Monumente. Vertrauen Sie auf ein angenehmes und sicheres Online-Erlebnis.","og_url":"https:\/\/barcelonatickets.org\/de\/cookies-politik\/","og_site_name":"Barcelona Tickets","article_modified_time":"2024-03-21T11:20:27+00:00","og_image":[{"url":"http:\/\/barcelonatickets.org\/wp-content\/uploads\/Ticket-Management-System-SL.webp"}],"twitter_card":"summary_large_image","twitter_misc":{"Gesch\u00e4tzte Lesezeit":"5\u00a0Minuten"},"schema":{"@context":"https:\/\/schema.org","@graph":[{"@type":"WebPage","@id":"https:\/\/barcelonatickets.org\/de\/cookies-politik\/","url":"https:\/\/barcelonatickets.org\/de\/cookies-politik\/","name":"Barcelona Tickets Cookies-Richtlinie - Barcelona Tickets","isPartOf":{"@id":"https:\/\/barcelonatickets.org\/de\/#website"},"datePublished":"2023-04-06T12:22:16+00:00","dateModified":"2024-03-21T11:20:27+00:00","description":"Informieren Sie sich \u00fcber unsere Cookie-Richtlinie f\u00fcr den sicheren Kauf von Eintrittskarten f\u00fcr Barcelonas ber\u00fchmte Monumente. Vertrauen Sie auf ein angenehmes und sicheres Online-Erlebnis.","breadcrumb":{"@id":"https:\/\/barcelonatickets.org\/de\/cookies-politik\/#breadcrumb"},"inLanguage":"de","potentialAction":[{"@type":"ReadAction","target":["https:\/\/barcelonatickets.org\/de\/cookies-politik\/"]}]},{"@type":"BreadcrumbList","@id":"https:\/\/barcelonatickets.org\/de\/cookies-politik\/#breadcrumb","itemListElement":[{"@type":"ListItem","position":1,"name":"Home","item":"https:\/\/barcelonatickets.org\/de\/"},{"@type":"ListItem","position":2,"name":"Barcelona Tickets Cookies-Richtlinie"}]},{"@type":"WebSite","@id":"https:\/\/barcelonatickets.org\/de\/#website","url":"https:\/\/barcelonatickets.org\/de\/","name":"Barcelona Tickets","description":"","publisher":{"@id":"https:\/\/barcelonatickets.org\/de\/#organization"},"potentialAction":[{"@type":"SearchAction","target":{"@type":"EntryPoint","urlTemplate":"https:\/\/barcelonatickets.org\/de\/?s={search_term_string}"},"query-input":"required name=search_term_string"}],"inLanguage":"de"},{"@type":"Organization","@id":"https:\/\/barcelonatickets.org\/de\/#organization","name":"Barcelona Tickets","url":"https:\/\/barcelonatickets.org\/de\/","logo":{"@type":"ImageObject","inLanguage":"de","@id":"https:\/\/barcelonatickets.org\/de\/#\/schema\/logo\/image\/","url":"https:\/\/barcelonatickets.org\/wp-content\/uploads\/2023\/05\/logo-bt-3.png","contentUrl":"https:\/\/barcelonatickets.org\/wp-content\/uploads\/2023\/05\/logo-bt-3.png","width":225,"height":37,"caption":"Barcelona Tickets"},"image":{"@id":"https:\/\/barcelonatickets.org\/de\/#\/schema\/logo\/image\/"}}]}},"_links":{"self":[{"href":"https:\/\/barcelonatickets.org\/de\/wp-json\/wp\/v2\/pages\/900","targetHints":{"allow":["GET"]}}],"collection":[{"href":"https:\/\/barcelonatickets.org\/de\/wp-json\/wp\/v2\/pages"}],"about":[{"href":"https:\/\/barcelonatickets.org\/de\/wp-json\/wp\/v2\/types\/page"}],"author":[{"embeddable":true,"href":"https:\/\/barcelonatickets.org\/de\/wp-json\/wp\/v2\/users\/1"}],"replies":[{"embeddable":true,"href":"https:\/\/barcelonatickets.org\/de\/wp-json\/wp\/v2\/comments?post=900"}],"version-history":[{"count":15,"href":"https:\/\/barcelonatickets.org\/de\/wp-json\/wp\/v2\/pages\/900\/revisions"}],"predecessor-version":[{"id":4705,"href":"https:\/\/barcelonatickets.org\/de\/wp-json\/wp\/v2\/pages\/900\/revisions\/4705"}],"wp:attachment":[{"href":"https:\/\/barcelonatickets.org\/de\/wp-json\/wp\/v2\/media?parent=900"}],"curies":[{"name":"wp","href":"https:\/\/api.w.org\/{rel}","templated":true}]}}