{"id":5891,"date":"2024-03-07T16:16:15","date_gmt":"2024-03-07T16:16:15","guid":{"rendered":"https:\/\/barcelonatickets.org\/mapa-del-sitio-entradas-barcelona\/"},"modified":"2024-06-28T09:29:12","modified_gmt":"2024-06-28T09:29:12","slug":"mapa-del-sitio-entradas-barcelona","status":"publish","type":"page","link":"https:\/\/barcelonatickets.org\/es\/mapa-del-sitio-entradas-barcelona\/","title":{"rendered":"Mapa del sitio Entradas Barcelona"},"content":{"rendered":"\n<p><a href=\"https:\/\/barcelonatickets.org\/es\/\">Barcelona Entradas inicio<\/a><\/p>\n\n\n\n<h2 class=\"wp-block-heading\">Monumentos de Barcelona<\/h2>\n\n\n\n<ul class=\"wp-block-list\">\n<li><a href=\"https:\/\/sagradafamilia.barcelonatickets.org\/es\/entradas-y-tours\/\">Sagrada familia Entradas<\/a><\/li>\n\n\n\n<li><a href=\"https:\/\/park.barcelonatickets.org\/es\/entradas-y-visitas\/\">Entradas Park G\u00fcell<\/a><\/li>\n\n\n\n<li><a href=\"https:\/\/sagradafamilia.barcelonatickets.org\/es\/la-roca-village-shopping-express\/\">La Roca Village Shopping Express<\/a><\/li>\n\n\n\n<li><a href=\"https:\/\/sagradafamilia.barcelonatickets.org\/es\/autobus-turistico-de-montserrat\/\">Billetes para el bus tur\u00edstico de Monserrat<\/a><\/li>\n\n\n\n<li><a href=\"https:\/\/barcelonatickets.org\/es\/casa-batllo\/\">Entradas Casa Batl\u00f3  <\/a><\/li>\n\n\n\n<li><a href=\"https:\/\/barcelonatickets.org\/es\/camp-nou\/\">Spotify Entradas Camp Nou<\/a><\/li>\n\n\n\n<li><a href=\"https:\/\/hoponhopoff.barcelonatickets.org\/hop-on-hop-off-barcelona-tickets\/\">Billete Hop On Hop Off<\/a><\/li>\n\n\n\n<li><a href=\"https:\/\/barcelonatickets.org\/es\/casa-mila\/\">Entradas Casa Mil\u00e0<\/a><\/li>\n\n\n\n<li><a href=\"https:\/\/barcelonatickets.org\/es\/basilica-santa-maria-del-mar\/\">Bas\u00edlica de Santa Mar\u00eda del Mar<\/a><\/li>\n\n\n\n<li><a href=\"https:\/\/barcelonatickets.org\/es\/poble-espanyol\/\">Poble Espanyol<\/a><\/li>\n\n\n\n<li><a href=\"https:\/\/barcelonatickets.org\/es\/palau-de-la-musica-catalana\/\">Palau de la m\u00fasica catalana<\/a><\/li>\n\n\n\n<li><a href=\"https:\/\/barcelonatickets.org\/es\/catedral-de-barcelona\/\">Catedral de Barcelona<\/a><\/li>\n<\/ul>\n\n\n\n<h2 class=\"wp-block-heading\"><a href=\"https:\/\/barcelonatickets.org\/es\/entradas\/\">Entradas Atracciones Barcelona<\/a><\/h2>\n\n\n\n<ul class=\"wp-block-list\">\n<li><a href=\"https:\/\/barcelonatickets.org\/es\/lugares-de-interes-barcelona\/\">Lugares de inter\u00e9s Barcelona<\/a><\/li>\n\n\n\n<li><a href=\"https:\/\/barcelonatickets.org\/es\/museos-de-barcelona\/\">Museos de Barcelona<\/a><\/li>\n\n\n\n<li><a href=\"https:\/\/barcelonatickets.org\/es\/parques-tematicos-barcelona\/\">Parques tem\u00e1ticos en Barcelona<\/a><\/li>\n\n\n\n<li><a href=\"https:\/\/barcelonatickets.org\/es\/acuarios-y-zoologicos-en-barcelona\/\">Acuarios y zool\u00f3gicos en Barcelona<\/a><\/li>\n\n\n\n<li><a href=\"https:\/\/barcelonatickets.org\/es\/excursiones-de-un-dia-a-barcelona\/\">Excursiones de un d\u00eda desde Barcelona<\/a><\/li>\n<\/ul>\n\n\n\n<h2 class=\"wp-block-heading\">Informaci\u00f3n tur\u00edstica de Barcelona<\/h2>\n\n\n\n<ul class=\"wp-block-list\">\n<li><a href=\"https:\/\/barcelonatickets.org\/es\/por-que-visitar-barcelona\/\">Por qu\u00e9 visitar Barcelona<\/a><\/li>\n\n\n\n<li><a href=\"https:\/\/barcelonatickets.org\/es\/la-mejor-epoca-para-visitar-barcelona\/\">Mejor \u00e9poca para visitar Barcelona<\/a><\/li>\n\n\n\n<li><a href=\"https:\/\/barcelonatickets.org\/es\/donde-alojarse-en-barcelona\/\">D\u00f3nde alojarse en Barcelona<\/a><\/li>\n\n\n\n<li><a href=\"https:\/\/barcelonatickets.org\/es\/transporte-publico-de-barcelona\/\">Transporte p\u00fablico de Barcelona<\/a><\/li>\n\n\n\n<li><a href=\"https:\/\/barcelonatickets.org\/es\/metro-de-barcelona\/\">Metro de Barcelona<\/a><\/li>\n\n\n\n<li><a href=\"https:\/\/barcelonatickets.org\/es\/tren-barcelona\/\">Tren Barcelona<\/a><\/li>\n\n\n\n<li><a href=\"https:\/\/barcelonatickets.org\/es\/taxi-barcelona\/\">Informaci\u00f3n Taxi Barcelona<\/a><\/li>\n\n\n\n<li><a href=\"https:\/\/barcelonatickets.org\/es\/barcelona-bus\/\">Autobuses de Barcelona<\/a><\/li>\n\n\n\n<li><a href=\"https:\/\/barcelonatickets.org\/es\/comida-de-barcelona\/\">Comida de Barcelona<\/a><\/li>\n\n\n\n<li><a href=\"https:\/\/barcelonatickets.org\/es\/mejores-restaurantes-barcelona\/\">Mejores restaurantes Barcelona<\/a><\/li>\n\n\n\n<li><a href=\"https:\/\/barcelonatickets.org\/es\/rutas-gastronomicas-por-barcelona\/\">Rutas gastron\u00f3micas por Barcelona<\/a><\/li>\n\n\n\n<li><a href=\"https:\/\/barcelonatickets.org\/es\/vacaciones-en-familia-en-barcelona\/\">Vacaciones en familia en Barcelona<\/a><\/li>\n\n\n\n<li><a href=\"https:\/\/barcelonatickets.org\/es\/cosas-que-hacer-en-barcelona-en-pareja\/\">cosas que hacer en Barcelona en pareja<\/a><\/li>\n\n\n\n<li><a href=\"https:\/\/barcelonatickets.org\/es\/actividades-nocturnas-en-barcelona\/\">Actividades nocturnas en Barcelona<\/a><\/li>\n\n\n\n<li><a href=\"https:\/\/barcelonatickets.org\/es\/las-mejores-discotecas-de-barcelona\/\">Las mejores discotecas de Barcelona<\/a><\/li>\n\n\n\n<li><a href=\"https:\/\/barcelonatickets.org\/es\/historia-de-barcelona\/\">Historia de Barcelona<\/a><\/li>\n\n\n\n<li><a href=\"https:\/\/barcelonatickets.org\/es\/page-category\/moverse-por-barcelona\/\">C\u00f3mo moverse por Barcelona<\/a><\/li>\n<\/ul>\n\n\n\n<ul class=\"wp-block-list\">\n<li><a href=\"https:\/\/barcelonatickets.org\/es\/page-category\/barrios-de-barcelona\/\">Barrios de Barcelona<\/a><\/li>\n\n\n\n<li><a href=\"https:\/\/barcelonatickets.org\/es\/page-category\/donde-dormir-en-barcelona\/\">D\u00f3nde dormir en Barcelona<\/a><\/li>\n\n\n\n<li><a href=\"https:\/\/barcelonatickets.org\/es\/page-category\/afueras-de-barcelona\/\">Fuera de Barcelona<\/a><\/li>\n\n\n\n<li><a href=\"https:\/\/barcelonatickets.org\/es\/page-category\/guia-de-la-ciudad-de-barcelona\/\">Gu\u00eda de Barcelona<br><\/a><a href=\"https:\/\/barcelonatickets.org\/es\/page-category\/fiestas-y-eventos-en-barcelona\/\">Fiestas y eventos en Barcelona<\/a><\/li>\n\n\n\n<li><a href=\"https:\/\/barcelonatickets.org\/es\/page-category\/donde-comer-en-barcelona\/\">D\u00f3nde comer en Barcelona<\/a><\/li>\n\n\n\n<li><a href=\"https:\/\/barcelonatickets.org\/es\/page-category\/mejor-epoca-para-viajar-a-barcelona\/\">Mejor \u00e9poca para visitar Barcelona<\/a><\/li>\n\n\n\n<li><a href=\"https:\/\/barcelonatickets.org\/es\/page-category\/planificador-de-viajes-de-barcelona\/\">Planificador de viajes de Barcelona<br><\/a><\/li>\n<\/ul>\n\n\n\n<h2 class=\"wp-block-heading\"><a href=\"https:\/\/barcelonatickets.org\/es\/blog\/\">Blog<\/a><\/h2>\n\n\n\n<p><a href=\"https:\/\/barcelonatickets.org\/es\/tesoros-culturales-de-barcelona-los-mejores-museos-para-explorar\/\">Tesoros culturales de Barcelona: Los Mejores Museos para Explorar<br><\/a><a href=\"https:\/\/barcelonatickets.org\/es\/los-5-mejores-miradores-de-barcelona-una-vista-de-ensueno-de-barcelona\/\">Los 5 Mejores Miradores de Barcelona: Una vista de ensue\u00f1o de Barcelona<\/a><\/p>\n","protected":false},"excerpt":{"rendered":"<p>Barcelona Entradas inicio Monumentos de Barcelona Entradas Atracciones Barcelona Informaci\u00f3n tur\u00edstica de Barcelona Blog Tesoros culturales de Barcelona: Los Mejores Museos para ExplorarLos 5 Mejores Miradores de Barcelona: Una vista de ensue\u00f1o de Barcelona<\/p>\n","protected":false},"author":2,"featured_media":0,"parent":0,"menu_order":0,"comment_status":"closed","ping_status":"closed","template":"","meta":{"footnotes":""},"class_list":["post-5891","page","type-page","status-publish","hentry"],"yoast_head":"<!-- This site is optimized with the Yoast SEO plugin v20.12 - https:\/\/yoast.com\/wordpress\/plugins\/seo\/ -->\n<title>Mapa del sitio Entradas Barcelona - Barcelona Tickets<\/title>\n<meta name=\"description\" content=\"Descubra toda la informaci\u00f3n que encontrar\u00e1 en Barcelona Tickets resumida en nuestro mapa web, la gu\u00eda de viaje definitiva.\" \/>\n<meta name=\"robots\" content=\"index, follow, max-snippet:-1, max-image-preview:large, max-video-preview:-1\" \/>\n<link rel=\"canonical\" href=\"https:\/\/barcelonatickets.org\/es\/mapa-del-sitio-entradas-barcelona\/\" \/>\n<meta property=\"og:locale\" content=\"es_ES\" \/>\n<meta property=\"og:type\" content=\"article\" \/>\n<meta property=\"og:title\" content=\"Mapa del sitio Entradas Barcelona - Barcelona Tickets\" \/>\n<meta property=\"og:description\" content=\"Descubra toda la informaci\u00f3n que encontrar\u00e1 en Barcelona Tickets resumida en nuestro mapa web, la gu\u00eda de viaje definitiva.\" \/>\n<meta property=\"og:url\" content=\"https:\/\/barcelonatickets.org\/es\/mapa-del-sitio-entradas-barcelona\/\" \/>\n<meta property=\"og:site_name\" content=\"Barcelona Tickets\" \/>\n<meta property=\"article:modified_time\" content=\"2024-06-28T09:29:12+00:00\" \/>\n<meta name=\"twitter:card\" content=\"summary_large_image\" \/>\n<meta name=\"twitter:label1\" content=\"Tiempo de lectura\" \/>\n\t<meta name=\"twitter:data1\" content=\"1 minuto\" \/>\n<script type=\"application\/ld+json\" class=\"yoast-schema-graph\">{\"@context\":\"https:\/\/schema.org\",\"@graph\":[{\"@type\":\"WebPage\",\"@id\":\"https:\/\/barcelonatickets.org\/es\/mapa-del-sitio-entradas-barcelona\/\",\"url\":\"https:\/\/barcelonatickets.org\/es\/mapa-del-sitio-entradas-barcelona\/\",\"name\":\"Mapa del sitio Entradas Barcelona - Barcelona Tickets\",\"isPartOf\":{\"@id\":\"https:\/\/barcelonatickets.org\/es\/#website\"},\"datePublished\":\"2024-03-07T16:16:15+00:00\",\"dateModified\":\"2024-06-28T09:29:12+00:00\",\"description\":\"Descubra toda la informaci\u00f3n que encontrar\u00e1 en Barcelona Tickets resumida en nuestro mapa web, la gu\u00eda de viaje definitiva.\",\"breadcrumb\":{\"@id\":\"https:\/\/barcelonatickets.org\/es\/mapa-del-sitio-entradas-barcelona\/#breadcrumb\"},\"inLanguage\":\"es\",\"potentialAction\":[{\"@type\":\"ReadAction\",\"target\":[\"https:\/\/barcelonatickets.org\/es\/mapa-del-sitio-entradas-barcelona\/\"]}]},{\"@type\":\"BreadcrumbList\",\"@id\":\"https:\/\/barcelonatickets.org\/es\/mapa-del-sitio-entradas-barcelona\/#breadcrumb\",\"itemListElement\":[{\"@type\":\"ListItem\",\"position\":1,\"name\":\"Home\",\"item\":\"https:\/\/barcelonatickets.org\/es\/\"},{\"@type\":\"ListItem\",\"position\":2,\"name\":\"Mapa del sitio Entradas Barcelona\"}]},{\"@type\":\"WebSite\",\"@id\":\"https:\/\/barcelonatickets.org\/es\/#website\",\"url\":\"https:\/\/barcelonatickets.org\/es\/\",\"name\":\"Barcelona Tickets\",\"description\":\"\",\"publisher\":{\"@id\":\"https:\/\/barcelonatickets.org\/es\/#organization\"},\"potentialAction\":[{\"@type\":\"SearchAction\",\"target\":{\"@type\":\"EntryPoint\",\"urlTemplate\":\"https:\/\/barcelonatickets.org\/es\/?s={search_term_string}\"},\"query-input\":\"required name=search_term_string\"}],\"inLanguage\":\"es\"},{\"@type\":\"Organization\",\"@id\":\"https:\/\/barcelonatickets.org\/es\/#organization\",\"name\":\"Barcelona Tickets\",\"url\":\"https:\/\/barcelonatickets.org\/es\/\",\"logo\":{\"@type\":\"ImageObject\",\"inLanguage\":\"es\",\"@id\":\"https:\/\/barcelonatickets.org\/es\/#\/schema\/logo\/image\/\",\"url\":\"https:\/\/barcelonatickets.org\/wp-content\/uploads\/2023\/05\/logo-bt-3.png\",\"contentUrl\":\"https:\/\/barcelonatickets.org\/wp-content\/uploads\/2023\/05\/logo-bt-3.png\",\"width\":225,\"height\":37,\"caption\":\"Barcelona Tickets\"},\"image\":{\"@id\":\"https:\/\/barcelonatickets.org\/es\/#\/schema\/logo\/image\/\"}}]}<\/script>\n<!-- \/ Yoast SEO plugin. -->","yoast_head_json":{"title":"Mapa del sitio Entradas Barcelona - Barcelona Tickets","description":"Descubra toda la informaci\u00f3n que encontrar\u00e1 en Barcelona Tickets resumida en nuestro mapa web, la gu\u00eda de viaje definitiva.","robots":{"index":"index","follow":"follow","max-snippet":"max-snippet:-1","max-image-preview":"max-image-preview:large","max-video-preview":"max-video-preview:-1"},"canonical":"https:\/\/barcelonatickets.org\/es\/mapa-del-sitio-entradas-barcelona\/","og_locale":"es_ES","og_type":"article","og_title":"Mapa del sitio Entradas Barcelona - Barcelona Tickets","og_description":"Descubra toda la informaci\u00f3n que encontrar\u00e1 en Barcelona Tickets resumida en nuestro mapa web, la gu\u00eda de viaje definitiva.","og_url":"https:\/\/barcelonatickets.org\/es\/mapa-del-sitio-entradas-barcelona\/","og_site_name":"Barcelona Tickets","article_modified_time":"2024-06-28T09:29:12+00:00","twitter_card":"summary_large_image","twitter_misc":{"Tiempo de lectura":"1 minuto"},"schema":{"@context":"https:\/\/schema.org","@graph":[{"@type":"WebPage","@id":"https:\/\/barcelonatickets.org\/es\/mapa-del-sitio-entradas-barcelona\/","url":"https:\/\/barcelonatickets.org\/es\/mapa-del-sitio-entradas-barcelona\/","name":"Mapa del sitio Entradas Barcelona - Barcelona Tickets","isPartOf":{"@id":"https:\/\/barcelonatickets.org\/es\/#website"},"datePublished":"2024-03-07T16:16:15+00:00","dateModified":"2024-06-28T09:29:12+00:00","description":"Descubra toda la informaci\u00f3n que encontrar\u00e1 en Barcelona Tickets resumida en nuestro mapa web, la gu\u00eda de viaje definitiva.","breadcrumb":{"@id":"https:\/\/barcelonatickets.org\/es\/mapa-del-sitio-entradas-barcelona\/#breadcrumb"},"inLanguage":"es","potentialAction":[{"@type":"ReadAction","target":["https:\/\/barcelonatickets.org\/es\/mapa-del-sitio-entradas-barcelona\/"]}]},{"@type":"BreadcrumbList","@id":"https:\/\/barcelonatickets.org\/es\/mapa-del-sitio-entradas-barcelona\/#breadcrumb","itemListElement":[{"@type":"ListItem","position":1,"name":"Home","item":"https:\/\/barcelonatickets.org\/es\/"},{"@type":"ListItem","position":2,"name":"Mapa del sitio Entradas Barcelona"}]},{"@type":"WebSite","@id":"https:\/\/barcelonatickets.org\/es\/#website","url":"https:\/\/barcelonatickets.org\/es\/","name":"Barcelona Tickets","description":"","publisher":{"@id":"https:\/\/barcelonatickets.org\/es\/#organization"},"potentialAction":[{"@type":"SearchAction","target":{"@type":"EntryPoint","urlTemplate":"https:\/\/barcelonatickets.org\/es\/?s={search_term_string}"},"query-input":"required name=search_term_string"}],"inLanguage":"es"},{"@type":"Organization","@id":"https:\/\/barcelonatickets.org\/es\/#organization","name":"Barcelona Tickets","url":"https:\/\/barcelonatickets.org\/es\/","logo":{"@type":"ImageObject","inLanguage":"es","@id":"https:\/\/barcelonatickets.org\/es\/#\/schema\/logo\/image\/","url":"https:\/\/barcelonatickets.org\/wp-content\/uploads\/2023\/05\/logo-bt-3.png","contentUrl":"https:\/\/barcelonatickets.org\/wp-content\/uploads\/2023\/05\/logo-bt-3.png","width":225,"height":37,"caption":"Barcelona Tickets"},"image":{"@id":"https:\/\/barcelonatickets.org\/es\/#\/schema\/logo\/image\/"}}]}},"_links":{"self":[{"href":"https:\/\/barcelonatickets.org\/es\/wp-json\/wp\/v2\/pages\/5891","targetHints":{"allow":["GET"]}}],"collection":[{"href":"https:\/\/barcelonatickets.org\/es\/wp-json\/wp\/v2\/pages"}],"about":[{"href":"https:\/\/barcelonatickets.org\/es\/wp-json\/wp\/v2\/types\/page"}],"author":[{"embeddable":true,"href":"https:\/\/barcelonatickets.org\/es\/wp-json\/wp\/v2\/users\/2"}],"replies":[{"embeddable":true,"href":"https:\/\/barcelonatickets.org\/es\/wp-json\/wp\/v2\/comments?post=5891"}],"version-history":[{"count":19,"href":"https:\/\/barcelonatickets.org\/es\/wp-json\/wp\/v2\/pages\/5891\/revisions"}],"predecessor-version":[{"id":9419,"href":"https:\/\/barcelonatickets.org\/es\/wp-json\/wp\/v2\/pages\/5891\/revisions\/9419"}],"wp:attachment":[{"href":"https:\/\/barcelonatickets.org\/es\/wp-json\/wp\/v2\/media?parent=5891"}],"curies":[{"name":"wp","href":"https:\/\/api.w.org\/{rel}","templated":true}]}}