{"id":5936,"date":"2024-03-08T14:11:31","date_gmt":"2024-03-08T14:11:31","guid":{"rendered":"https:\/\/barcelonatickets.org\/acerca-de-barcelona-tickets\/"},"modified":"2024-03-19T08:47:31","modified_gmt":"2024-03-19T08:47:31","slug":"acerca-de-barcelona-tickets","status":"publish","type":"page","link":"https:\/\/barcelonatickets.org\/es\/acerca-de-barcelona-tickets\/","title":{"rendered":"Acerca de Barcelona Tickets"},"content":{"rendered":"\t\t<div data-elementor-type=\"wp-page\" data-elementor-id=\"5936\" class=\"elementor elementor-5936 elementor-5922\">\n\t\t\t\t\t\t\t\t\t<section class=\"elementor-section elementor-top-section elementor-element elementor-element-6bd7c245 elementor-section-height-min-height elementor-section-boxed elementor-section-height-default elementor-section-items-middle\" data-id=\"6bd7c245\" data-element_type=\"section\" data-settings=\"{&quot;background_background&quot;:&quot;classic&quot;}\">\n\t\t\t\t\t\t\t<div class=\"elementor-background-overlay\"><\/div>\n\t\t\t\t\t\t\t<div class=\"elementor-container elementor-column-gap-default\">\n\t\t\t\t\t<div class=\"elementor-column elementor-col-50 elementor-top-column elementor-element elementor-element-3a82f3e9\" data-id=\"3a82f3e9\" data-element_type=\"column\">\n\t\t\t<div class=\"elementor-widget-wrap elementor-element-populated\">\n\t\t\t\t\t\t\t\t<div class=\"elementor-element elementor-element-6036d641 elementor-widget elementor-widget-heading\" data-id=\"6036d641\" data-element_type=\"widget\" data-widget_type=\"heading.default\">\n\t\t\t\t<div class=\"elementor-widget-container\">\n\t\t\t<style>\/*! elementor - v3.15.0 - 31-07-2023 *\/\n.elementor-heading-title{padding:0;margin:0;line-height:1}.elementor-widget-heading .elementor-heading-title[class*=elementor-size-]>a{color:inherit;font-size:inherit;line-height:inherit}.elementor-widget-heading .elementor-heading-title.elementor-size-small{font-size:15px}.elementor-widget-heading .elementor-heading-title.elementor-size-medium{font-size:19px}.elementor-widget-heading .elementor-heading-title.elementor-size-large{font-size:29px}.elementor-widget-heading .elementor-heading-title.elementor-size-xl{font-size:39px}.elementor-widget-heading .elementor-heading-title.elementor-size-xxl{font-size:59px}<\/style><h1 class=\"elementor-heading-title elementor-size-default\">Acerca de Barcelona Tickets<\/h1>\t\t<\/div>\n\t\t\t\t<\/div>\n\t\t\t\t\t<\/div>\n\t\t<\/div>\n\t\t\t\t<div class=\"elementor-column elementor-col-50 elementor-top-column elementor-element elementor-element-736654e7\" data-id=\"736654e7\" data-element_type=\"column\">\n\t\t\t<div class=\"elementor-widget-wrap\">\n\t\t\t\t\t\t\t\t\t<\/div>\n\t\t<\/div>\n\t\t\t\t\t\t\t<\/div>\n\t\t<\/section>\n\t\t\t\t<section class=\"elementor-section elementor-top-section elementor-element elementor-element-1431efd4 elementor-section-height-min-height elementor-section-boxed elementor-section-height-default elementor-section-items-middle\" data-id=\"1431efd4\" data-element_type=\"section\" data-settings=\"{&quot;background_background&quot;:&quot;classic&quot;}\">\n\t\t\t\t\t\t<div class=\"elementor-container elementor-column-gap-default\">\n\t\t\t\t\t<div class=\"elementor-column elementor-col-100 elementor-top-column elementor-element elementor-element-3cb0d836\" data-id=\"3cb0d836\" data-element_type=\"column\">\n\t\t\t<div class=\"elementor-widget-wrap\">\n\t\t\t\t\t\t\t\t\t<\/div>\n\t\t<\/div>\n\t\t\t\t\t\t\t<\/div>\n\t\t<\/section>\n\t\t\t\t<section class=\"elementor-section elementor-top-section elementor-element elementor-element-7228044 elementor-section-boxed elementor-section-height-default elementor-section-height-default\" data-id=\"7228044\" data-element_type=\"section\">\n\t\t\t\t\t\t<div class=\"elementor-container elementor-column-gap-default\">\n\t\t\t\t\t<div class=\"elementor-column elementor-col-100 elementor-top-column elementor-element elementor-element-5fc2da1\" data-id=\"5fc2da1\" data-element_type=\"column\">\n\t\t\t<div class=\"elementor-widget-wrap elementor-element-populated\">\n\t\t\t\t\t\t\t\t<div class=\"elementor-element elementor-element-4306949 elementor-widget elementor-widget-text-editor\" data-id=\"4306949\" data-element_type=\"widget\" data-widget_type=\"text-editor.default\">\n\t\t\t\t<div class=\"elementor-widget-container\">\n\t\t\t<style>\/*! elementor - v3.15.0 - 31-07-2023 *\/\n.elementor-widget-text-editor.elementor-drop-cap-view-stacked .elementor-drop-cap{background-color:#69727d;color:#fff}.elementor-widget-text-editor.elementor-drop-cap-view-framed .elementor-drop-cap{color:#69727d;border:3px solid;background-color:transparent}.elementor-widget-text-editor:not(.elementor-drop-cap-view-default) .elementor-drop-cap{margin-top:8px}.elementor-widget-text-editor:not(.elementor-drop-cap-view-default) .elementor-drop-cap-letter{width:1em;height:1em}.elementor-widget-text-editor .elementor-drop-cap{float:left;text-align:center;line-height:1;font-size:50px}.elementor-widget-text-editor .elementor-drop-cap-letter{display:inline-block}<\/style>\t\t\t\t<p><span style=\"font-weight: 400;\">En Barcelona Tickets, nos apasiona conectar a los visitantes con <\/span><b>las maravillas culturales y arquitect\u00f3nicas m\u00e1s emblem\u00e1ticas de Barcelona<\/b><span style=\"font-weight: 400;\">. Somos una plataforma dedicada exclusivamente a  <\/span><b>reservar entradas para atracciones <\/b><span style=\"font-weight: 400;\">como <\/span><b>Sagrada Familia, Parque G\u00fcell<\/b><span style=\"font-weight: 400;\">La Roca Village, la Casa Batll\u00f3 y el Camp Nou del FC Barcelona. Nuestro objetivo es hacer que su experiencia en Barcelona sea inolvidable desde el momento en que reserva su billete.<\/span><\/p>\n\t\t\t\t\t\t<\/div>\n\t\t\t\t<\/div>\n\t\t\t\t\t<\/div>\n\t\t<\/div>\n\t\t\t\t\t\t\t<\/div>\n\t\t<\/section>\n\t\t\t\t<section class=\"elementor-section elementor-top-section elementor-element elementor-element-241fad36 elementor-section-boxed elementor-section-height-default elementor-section-height-default\" data-id=\"241fad36\" data-element_type=\"section\">\n\t\t\t\t\t\t<div class=\"elementor-container elementor-column-gap-default\">\n\t\t\t\t\t<div class=\"elementor-column elementor-col-100 elementor-top-column elementor-element elementor-element-6bfd2bd5\" data-id=\"6bfd2bd5\" data-element_type=\"column\">\n\t\t\t<div class=\"elementor-widget-wrap elementor-element-populated\">\n\t\t\t\t\t\t\t\t<div class=\"elementor-element elementor-element-6239c0c7 elementor-widget elementor-widget-heading\" data-id=\"6239c0c7\" data-element_type=\"widget\" data-widget_type=\"heading.default\">\n\t\t\t\t<div class=\"elementor-widget-container\">\n\t\t\t<h2 class=\"elementor-heading-title elementor-size-default\">\u00bfQui\u00e9nes son Barcelona Tickets?<\/h2>\t\t<\/div>\n\t\t\t\t<\/div>\n\t\t\t\t<div class=\"elementor-element elementor-element-19cd0490 elementor-widget elementor-widget-text-editor\" data-id=\"19cd0490\" data-element_type=\"widget\" data-widget_type=\"text-editor.default\">\n\t\t\t\t<div class=\"elementor-widget-container\">\n\t\t\t\t\t\t\t<p>En Barcelona Tickets, somos un equipo de expertos locales y entusiastas del turismo que se unieron con un prop\u00f3sito claro: facilitar <strong>a los visitantes la exploraci\u00f3n de las atracciones m\u00e1s emblem\u00e1ticas de Barcelona<\/strong>. Nos comprometemos a proporcionarle una experiencia de reserva sin complicaciones y a facilitarle toda la informaci\u00f3n que necesite para aprovechar al m\u00e1ximo su visita.<\/p>\n\t\t\t\t\t\t<\/div>\n\t\t\t\t<\/div>\n\t\t\t\t\t<\/div>\n\t\t<\/div>\n\t\t\t\t\t\t\t<\/div>\n\t\t<\/section>\n\t\t\t\t<section class=\"elementor-section elementor-top-section elementor-element elementor-element-4c593aad elementor-section-boxed elementor-section-height-default elementor-section-height-default\" data-id=\"4c593aad\" data-element_type=\"section\">\n\t\t\t\t\t\t<div class=\"elementor-container elementor-column-gap-default\">\n\t\t\t\t\t<div class=\"elementor-column elementor-col-100 elementor-top-column elementor-element elementor-element-7de9e155\" data-id=\"7de9e155\" data-element_type=\"column\">\n\t\t\t<div class=\"elementor-widget-wrap elementor-element-populated\">\n\t\t\t\t\t\t\t\t<div class=\"elementor-element elementor-element-1a8167a9 elementor-widget elementor-widget-heading\" data-id=\"1a8167a9\" data-element_type=\"widget\" data-widget_type=\"heading.default\">\n\t\t\t\t<div class=\"elementor-widget-container\">\n\t\t\t<h2 class=\"elementor-heading-title elementor-size-default\">Nuestra misi\u00f3n<\/h2>\t\t<\/div>\n\t\t\t\t<\/div>\n\t\t\t\t<div class=\"elementor-element elementor-element-33e49bc7 elementor-widget elementor-widget-text-editor\" data-id=\"33e49bc7\" data-element_type=\"widget\" data-widget_type=\"text-editor.default\">\n\t\t\t\t<div class=\"elementor-widget-container\">\n\t\t\t\t\t\t\t<p>Nuestra misi\u00f3n en Barcelona Tickets es ser su socio de confianza para explorar Barcelona. Queremos simplificar el proceso de reserva para que pueda centrarse en disfrutar de cada momento de su experiencia en la ciudad. Al proporcionarle un acceso seguro y c\u00f3modo a las atracciones m\u00e1s destacadas, nos comprometemos a hacer que su visita a Barcelona sea memorable y enriquecedora.<\/p>\n<p>Queremos abrirle las puertas de la <b>cultura barcelonesa<\/b> y ofrecerle acceso a las obras maestras que han cautivado a generaciones.<br \/><b><br \/>Apoyo cuando lo necesite<\/b><br \/>Atenci\u00f3n al cliente para ayudarle en todo lo que necesite de 9:00 a 19:00<br \/><b><br \/>Reserva r\u00e1pida y en l\u00ednea<\/b><br \/>Elija la opci\u00f3n que mejor se adapte a sus necesidades y preferencias y evite las colas reservando aqu\u00ed<br \/><b><br \/>Las principales atracciones de Barcelona<\/b><br \/>No pierda la oportunidad de visitar las mejores atracciones de Barcelona.<\/p>\n<p>Haga de su visita a Barcelona una experiencia perfecta con Barcelona Tickets. Reserve sus billetes con nosotros y prep\u00e1rese para descubrir la belleza y la emoci\u00f3n que ofrece esta vibrante ciudad. Bienvenido a Barcelona, donde cada rinc\u00f3n est\u00e1 lleno de historia, cultura y diversi\u00f3n.<\/p>\n\t\t\t\t\t\t<\/div>\n\t\t\t\t<\/div>\n\t\t\t\t\t<\/div>\n\t\t<\/div>\n\t\t\t\t\t\t\t<\/div>\n\t\t<\/section>\n\t\t\t\t<section class=\"elementor-section elementor-top-section elementor-element elementor-element-1579ecb elementor-section-boxed elementor-section-height-default elementor-section-height-default\" data-id=\"1579ecb\" data-element_type=\"section\">\n\t\t\t\t\t\t<div class=\"elementor-container elementor-column-gap-default\">\n\t\t\t\t\t<div class=\"elementor-column elementor-col-100 elementor-top-column elementor-element elementor-element-86b8d19\" data-id=\"86b8d19\" data-element_type=\"column\">\n\t\t\t<div class=\"elementor-widget-wrap elementor-element-populated\">\n\t\t\t\t\t\t\t\t<div class=\"elementor-element elementor-element-18fcff1 elementor-widget elementor-widget-text-editor\" data-id=\"18fcff1\" data-element_type=\"widget\" data-widget_type=\"text-editor.default\">\n\t\t\t\t<div class=\"elementor-widget-container\">\n\t\t\t\t\t\t\tBarcelona Tickets &#8211; Descubra Barcelona como nunca antes: su acceso exclusivo a los mejores eventos y atracciones de la ciudad.\n\t\t\t\t\t\t<\/div>\n\t\t\t\t<\/div>\n\t\t\t\t\t<\/div>\n\t\t<\/div>\n\t\t\t\t\t\t\t<\/div>\n\t\t<\/section>\n\t\t\t\t\t\t\t<\/div>\n\t\t","protected":false},"excerpt":{"rendered":"<p>Acerca de Barcelona Tickets En Barcelona Tickets, nos apasiona conectar a los visitantes con las maravillas culturales y arquitect\u00f3nicas m\u00e1s emblem\u00e1ticas de Barcelona. Somos una plataforma dedicada exclusivamente a reservar entradas para atracciones como Sagrada Familia, Parque G\u00fcellLa Roca Village, la Casa Batll\u00f3 y el Camp Nou del FC Barcelona. Nuestro objetivo es hacer que [&hellip;]<\/p>\n","protected":false},"author":1,"featured_media":0,"parent":0,"menu_order":0,"comment_status":"closed","ping_status":"closed","template":"elementor_header_footer","meta":{"footnotes":""},"class_list":["post-5936","page","type-page","status-publish","hentry","page_category-guia-de-la-ciudad-de-barcelona"],"yoast_head":"<!-- This site is optimized with the Yoast SEO plugin v20.12 - https:\/\/yoast.com\/wordpress\/plugins\/seo\/ -->\n<title>Descubra toda la informaci\u00f3n sobre Barcelona Tickets<\/title>\n<meta name=\"description\" content=\"\u00bfEst\u00e1 pensando en venir de vacaciones a Barcelona? En Barcelona Tickets queremos ofrecerle entradas para monumentos de Barcelona e informaci\u00f3n \u00fatil para su visita.\" \/>\n<meta name=\"robots\" content=\"index, follow, max-snippet:-1, max-image-preview:large, max-video-preview:-1\" \/>\n<link rel=\"canonical\" href=\"https:\/\/barcelonatickets.org\/es\/acerca-de-barcelona-tickets\/\" \/>\n<meta property=\"og:locale\" content=\"es_ES\" \/>\n<meta property=\"og:type\" content=\"article\" \/>\n<meta property=\"og:title\" content=\"Descubra toda la informaci\u00f3n sobre Barcelona Tickets\" \/>\n<meta property=\"og:description\" content=\"\u00bfEst\u00e1 pensando en venir de vacaciones a Barcelona? En Barcelona Tickets queremos ofrecerle entradas para monumentos de Barcelona e informaci\u00f3n \u00fatil para su visita.\" \/>\n<meta property=\"og:url\" content=\"https:\/\/barcelonatickets.org\/es\/acerca-de-barcelona-tickets\/\" \/>\n<meta property=\"og:site_name\" content=\"Barcelona Tickets\" \/>\n<meta property=\"article:modified_time\" content=\"2024-03-19T08:47:31+00:00\" \/>\n<meta name=\"twitter:card\" content=\"summary_large_image\" \/>\n<meta name=\"twitter:label1\" content=\"Tiempo de lectura\" \/>\n\t<meta name=\"twitter:data1\" content=\"2 minutos\" \/>\n<script type=\"application\/ld+json\" class=\"yoast-schema-graph\">{\"@context\":\"https:\/\/schema.org\",\"@graph\":[{\"@type\":\"WebPage\",\"@id\":\"https:\/\/barcelonatickets.org\/es\/acerca-de-barcelona-tickets\/\",\"url\":\"https:\/\/barcelonatickets.org\/es\/acerca-de-barcelona-tickets\/\",\"name\":\"Descubra toda la informaci\u00f3n sobre Barcelona Tickets\",\"isPartOf\":{\"@id\":\"https:\/\/barcelonatickets.org\/es\/#website\"},\"datePublished\":\"2024-03-08T14:11:31+00:00\",\"dateModified\":\"2024-03-19T08:47:31+00:00\",\"description\":\"\u00bfEst\u00e1 pensando en venir de vacaciones a Barcelona? En Barcelona Tickets queremos ofrecerle entradas para monumentos de Barcelona e informaci\u00f3n \u00fatil para su visita.\",\"breadcrumb\":{\"@id\":\"https:\/\/barcelonatickets.org\/es\/acerca-de-barcelona-tickets\/#breadcrumb\"},\"inLanguage\":\"es\",\"potentialAction\":[{\"@type\":\"ReadAction\",\"target\":[\"https:\/\/barcelonatickets.org\/es\/acerca-de-barcelona-tickets\/\"]}]},{\"@type\":\"BreadcrumbList\",\"@id\":\"https:\/\/barcelonatickets.org\/es\/acerca-de-barcelona-tickets\/#breadcrumb\",\"itemListElement\":[{\"@type\":\"ListItem\",\"position\":1,\"name\":\"Home\",\"item\":\"https:\/\/barcelonatickets.org\/es\/\"},{\"@type\":\"ListItem\",\"position\":2,\"name\":\"Acerca de Barcelona Tickets\"}]},{\"@type\":\"WebSite\",\"@id\":\"https:\/\/barcelonatickets.org\/es\/#website\",\"url\":\"https:\/\/barcelonatickets.org\/es\/\",\"name\":\"Barcelona Tickets\",\"description\":\"\",\"publisher\":{\"@id\":\"https:\/\/barcelonatickets.org\/es\/#organization\"},\"potentialAction\":[{\"@type\":\"SearchAction\",\"target\":{\"@type\":\"EntryPoint\",\"urlTemplate\":\"https:\/\/barcelonatickets.org\/es\/?s={search_term_string}\"},\"query-input\":\"required name=search_term_string\"}],\"inLanguage\":\"es\"},{\"@type\":\"Organization\",\"@id\":\"https:\/\/barcelonatickets.org\/es\/#organization\",\"name\":\"Barcelona Tickets\",\"url\":\"https:\/\/barcelonatickets.org\/es\/\",\"logo\":{\"@type\":\"ImageObject\",\"inLanguage\":\"es\",\"@id\":\"https:\/\/barcelonatickets.org\/es\/#\/schema\/logo\/image\/\",\"url\":\"https:\/\/barcelonatickets.org\/wp-content\/uploads\/2023\/05\/logo-bt-3.png\",\"contentUrl\":\"https:\/\/barcelonatickets.org\/wp-content\/uploads\/2023\/05\/logo-bt-3.png\",\"width\":225,\"height\":37,\"caption\":\"Barcelona Tickets\"},\"image\":{\"@id\":\"https:\/\/barcelonatickets.org\/es\/#\/schema\/logo\/image\/\"}}]}<\/script>\n<!-- \/ Yoast SEO plugin. -->","yoast_head_json":{"title":"Descubra toda la informaci\u00f3n sobre Barcelona Tickets","description":"\u00bfEst\u00e1 pensando en venir de vacaciones a Barcelona? En Barcelona Tickets queremos ofrecerle entradas para monumentos de Barcelona e informaci\u00f3n \u00fatil para su visita.","robots":{"index":"index","follow":"follow","max-snippet":"max-snippet:-1","max-image-preview":"max-image-preview:large","max-video-preview":"max-video-preview:-1"},"canonical":"https:\/\/barcelonatickets.org\/es\/acerca-de-barcelona-tickets\/","og_locale":"es_ES","og_type":"article","og_title":"Descubra toda la informaci\u00f3n sobre Barcelona Tickets","og_description":"\u00bfEst\u00e1 pensando en venir de vacaciones a Barcelona? En Barcelona Tickets queremos ofrecerle entradas para monumentos de Barcelona e informaci\u00f3n \u00fatil para su visita.","og_url":"https:\/\/barcelonatickets.org\/es\/acerca-de-barcelona-tickets\/","og_site_name":"Barcelona Tickets","article_modified_time":"2024-03-19T08:47:31+00:00","twitter_card":"summary_large_image","twitter_misc":{"Tiempo de lectura":"2 minutos"},"schema":{"@context":"https:\/\/schema.org","@graph":[{"@type":"WebPage","@id":"https:\/\/barcelonatickets.org\/es\/acerca-de-barcelona-tickets\/","url":"https:\/\/barcelonatickets.org\/es\/acerca-de-barcelona-tickets\/","name":"Descubra toda la informaci\u00f3n sobre Barcelona Tickets","isPartOf":{"@id":"https:\/\/barcelonatickets.org\/es\/#website"},"datePublished":"2024-03-08T14:11:31+00:00","dateModified":"2024-03-19T08:47:31+00:00","description":"\u00bfEst\u00e1 pensando en venir de vacaciones a Barcelona? En Barcelona Tickets queremos ofrecerle entradas para monumentos de Barcelona e informaci\u00f3n \u00fatil para su visita.","breadcrumb":{"@id":"https:\/\/barcelonatickets.org\/es\/acerca-de-barcelona-tickets\/#breadcrumb"},"inLanguage":"es","potentialAction":[{"@type":"ReadAction","target":["https:\/\/barcelonatickets.org\/es\/acerca-de-barcelona-tickets\/"]}]},{"@type":"BreadcrumbList","@id":"https:\/\/barcelonatickets.org\/es\/acerca-de-barcelona-tickets\/#breadcrumb","itemListElement":[{"@type":"ListItem","position":1,"name":"Home","item":"https:\/\/barcelonatickets.org\/es\/"},{"@type":"ListItem","position":2,"name":"Acerca de Barcelona Tickets"}]},{"@type":"WebSite","@id":"https:\/\/barcelonatickets.org\/es\/#website","url":"https:\/\/barcelonatickets.org\/es\/","name":"Barcelona Tickets","description":"","publisher":{"@id":"https:\/\/barcelonatickets.org\/es\/#organization"},"potentialAction":[{"@type":"SearchAction","target":{"@type":"EntryPoint","urlTemplate":"https:\/\/barcelonatickets.org\/es\/?s={search_term_string}"},"query-input":"required name=search_term_string"}],"inLanguage":"es"},{"@type":"Organization","@id":"https:\/\/barcelonatickets.org\/es\/#organization","name":"Barcelona Tickets","url":"https:\/\/barcelonatickets.org\/es\/","logo":{"@type":"ImageObject","inLanguage":"es","@id":"https:\/\/barcelonatickets.org\/es\/#\/schema\/logo\/image\/","url":"https:\/\/barcelonatickets.org\/wp-content\/uploads\/2023\/05\/logo-bt-3.png","contentUrl":"https:\/\/barcelonatickets.org\/wp-content\/uploads\/2023\/05\/logo-bt-3.png","width":225,"height":37,"caption":"Barcelona Tickets"},"image":{"@id":"https:\/\/barcelonatickets.org\/es\/#\/schema\/logo\/image\/"}}]}},"_links":{"self":[{"href":"https:\/\/barcelonatickets.org\/es\/wp-json\/wp\/v2\/pages\/5936","targetHints":{"allow":["GET"]}}],"collection":[{"href":"https:\/\/barcelonatickets.org\/es\/wp-json\/wp\/v2\/pages"}],"about":[{"href":"https:\/\/barcelonatickets.org\/es\/wp-json\/wp\/v2\/types\/page"}],"author":[{"embeddable":true,"href":"https:\/\/barcelonatickets.org\/es\/wp-json\/wp\/v2\/users\/1"}],"replies":[{"embeddable":true,"href":"https:\/\/barcelonatickets.org\/es\/wp-json\/wp\/v2\/comments?post=5936"}],"version-history":[{"count":1,"href":"https:\/\/barcelonatickets.org\/es\/wp-json\/wp\/v2\/pages\/5936\/revisions"}],"predecessor-version":[{"id":5937,"href":"https:\/\/barcelonatickets.org\/es\/wp-json\/wp\/v2\/pages\/5936\/revisions\/5937"}],"wp:attachment":[{"href":"https:\/\/barcelonatickets.org\/es\/wp-json\/wp\/v2\/media?parent=5936"}],"curies":[{"name":"wp","href":"https:\/\/api.w.org\/{rel}","templated":true}]}}