{"id":5885,"date":"2024-03-07T16:16:15","date_gmt":"2024-03-07T16:16:15","guid":{"rendered":"https:\/\/barcelonatickets.org\/plan-du-site-billets-pour-barcelone\/"},"modified":"2024-06-28T09:21:45","modified_gmt":"2024-06-28T09:21:45","slug":"plan-du-site-billets-pour-barcelone","status":"publish","type":"page","link":"https:\/\/barcelonatickets.org\/fr\/plan-du-site-billets-pour-barcelone\/","title":{"rendered":"Plan du site Billets pour Barcelone"},"content":{"rendered":"\n<p><a href=\"https:\/\/barcelonatickets.org\/fr\/\">Accueil Billets Barcelone<\/a><\/p>\n\n\n\n<h2 class=\"wp-block-heading\">Points de rep\u00e8re \u00e0 Barcelone<\/h2>\n\n\n\n<ul class=\"wp-block-list\">\n<li><a href=\"https:\/\/sagradafamilia.barcelonatickets.org\/fr\/billets-et-visites\/\">Billets Sagrada familia<\/a><\/li>\n\n\n\n<li><a href=\"https:\/\/park.barcelonatickets.org\/fr\/billets-et-visites\/\">Billets Park G\u00fcell<\/a><\/li>\n\n\n\n<li><a href=\"https:\/\/sagradafamilia.barcelonatickets.org\/fr\/la-roca-village-shopping-express\/\">La Roca Village Shopping Express<\/a><\/li>\n\n\n\n<li><a href=\"https:\/\/sagradafamilia.barcelonatickets.org\/fr\/bus-touristique-de-montserrat\/\">Billets du bourgeon touristique Monserrat<\/a><\/li>\n\n\n\n<li><a href=\"https:\/\/barcelonatickets.org\/fr\/casa-batllo\/\">Billets Casa Batl\u00f3<\/a><\/li>\n\n\n\n<li><a href=\"https:\/\/barcelonatickets.org\/fr\/camp-nou\/\">Billets Spotify Camp Nou<\/a><\/li>\n\n\n\n<li><a href=\"https:\/\/hoponhopoff.barcelonatickets.org\/hop-on-hop-off-barcelona-tickets\/\">Billet Hop On hop off<\/a><\/li>\n\n\n\n<li><a href=\"https:\/\/barcelonatickets.org\/fr\/casa-mila\/\">Billets Casa Mil\u00e0<\/a><\/li>\n\n\n\n<li><a href=\"https:\/\/barcelonatickets.org\/fr\/basilique-santa-maria-del-mar\/\">Basilique de Santa Maria del Mar<\/a><\/li>\n\n\n\n<li><a href=\"https:\/\/barcelonatickets.org\/fr\/poble-espanyol\/\">Poble Espanyol<\/a><\/li>\n\n\n\n<li><a href=\"https:\/\/barcelonatickets.org\/fr\/palau-de-la-musica-catalana\/\">Palau de la m\u00fasica catalana<\/a><\/li>\n\n\n\n<li><a href=\"https:\/\/barcelonatickets.org\/fr\/cathedrale-de-barcelone\/\">Cath\u00e9drale de Barcelone<\/a><\/li>\n<\/ul>\n\n\n\n<h2 class=\"wp-block-heading\"><a href=\"https:\/\/barcelonatickets.org\/fr\/billets\/\">Billets pour les attractions de Barcelone<\/a><\/h2>\n\n\n\n<ul class=\"wp-block-list\">\n<li><a href=\"https:\/\/barcelonatickets.org\/fr\/points-de-repere-barcelone\/\">Points de rep\u00e8re Barcelone<\/a><\/li>\n\n\n\n<li><a href=\"https:\/\/barcelonatickets.org\/fr\/musees-a-barcelone\/\">Mus\u00e9es \u00e0 Barcelone<\/a><\/li>\n\n\n\n<li><a href=\"https:\/\/barcelonatickets.org\/fr\/parcs-a-theme-de-barcelone\/\">Parcs \u00e0 th\u00e8me \u00e0 Barcelone<\/a><\/li>\n\n\n\n<li><a href=\"https:\/\/barcelonatickets.org\/fr\/aquariums-et-zoos-a-barcelone\/\">Aquariums et zoos \u00e0 Barcelone<\/a><\/li>\n\n\n\n<li><a href=\"https:\/\/barcelonatickets.org\/fr\/excursions-dune-journee-a-barcelone\/\">Excursions d&rsquo;une journ\u00e9e \u00e0 partir de Barcelone<\/a><\/li>\n<\/ul>\n\n\n\n<h2 class=\"wp-block-heading\">Informations touristiques sur Barcelone<\/h2>\n\n\n\n<ul class=\"wp-block-list\">\n<li><a href=\"https:\/\/barcelonatickets.org\/fr\/pourquoi-visiter-barcelone\/\">Pourquoi visiter Barcelone ?<\/a><\/li>\n\n\n\n<li><a href=\"https:\/\/barcelonatickets.org\/fr\/meilleure-periode-pour-visiter-barcelone\/\">Meilleure p\u00e9riode pour visiter Barcelone<\/a><\/li>\n\n\n\n<li><a href=\"https:\/\/barcelonatickets.org\/fr\/ou-sejourner-a-barcelone\/\">O\u00f9 s\u00e9journer \u00e0 Barcelone<\/a><\/li>\n\n\n\n<li><a href=\"https:\/\/barcelonatickets.org\/fr\/transports-publics-de-barcelone\/\">Transports publics de Barcelone<\/a><\/li>\n\n\n\n<li><a href=\"https:\/\/barcelonatickets.org\/fr\/metro-barcelone\/\">M\u00e9tro Barcelone<\/a><\/li>\n\n\n\n<li><a href=\"https:\/\/barcelonatickets.org\/fr\/train-barcelone\/\">Train Barcelone<\/a><\/li>\n\n\n\n<li><a href=\"https:\/\/barcelonatickets.org\/fr\/taxi-barcelone\/\">Taxi Barcelone<\/a><\/li>\n\n\n\n<li><a href=\"https:\/\/barcelonatickets.org\/fr\/bus-de-barcelone\/\">Bus de Barcelone<\/a><\/li>\n\n\n\n<li><a href=\"https:\/\/barcelonatickets.org\/fr\/alimentation-a-barcelone\/\">Alimentation \u00e0 Barcelone<\/a><\/li>\n\n\n\n<li><a href=\"https:\/\/barcelonatickets.org\/fr\/meilleurs-restaurants-a-barcelone\/\">Meilleurs restaurants de Barcelone<\/a><\/li>\n\n\n\n<li><a href=\"https:\/\/barcelonatickets.org\/fr\/visites-gastronomiques-a-barcelone\/\">Visites gastronomiques \u00e0 Barcelone<\/a><\/li>\n\n\n\n<li><a href=\"https:\/\/barcelonatickets.org\/fr\/vacances-en-famille-a-barcelone\/\">Vacances en famille \u00e0 Barcelone<\/a><\/li>\n\n\n\n<li><a href=\"https:\/\/barcelonatickets.org\/fr\/choses-a-faire-a-barcelone-pour-les-couples\/\">choses \u00e0 faire \u00e0 Barcelone pour les couples<\/a><\/li>\n\n\n\n<li><a href=\"https:\/\/barcelonatickets.org\/fr\/activites-nocturnes-a-barcelone\/\">Activit\u00e9s nocturnes \u00e0 Barcelone<\/a><\/li>\n\n\n\n<li><a href=\"https:\/\/barcelonatickets.org\/fr\/meilleures-boites-de-nuit-a-barcelone\/\">Meilleures bo\u00eetes de nuit \u00e0 Barcelone<\/a><\/li>\n\n\n\n<li><a href=\"https:\/\/barcelonatickets.org\/fr\/histoire-de-barcelone\/\">Histoire de Barcelone<\/a><\/li>\n\n\n\n<li><a href=\"https:\/\/barcelonatickets.org\/fr\/page-category\/se-deplacer-a-barcelone\/\">Se d\u00e9placer \u00e0 Barcelone<\/a><\/li>\n<\/ul>\n\n\n\n<ul class=\"wp-block-list\">\n<li><a href=\"https:\/\/barcelonatickets.org\/fr\/page-category\/quartiers-de-barcelone\/\">Quartiers de Barcelone<\/a><\/li>\n\n\n\n<li><a href=\"https:\/\/barcelonatickets.org\/fr\/page-category\/ou-dormir-a-barcelone\/\">O\u00f9 dormir \u00e0 Barcelone<\/a><\/li>\n\n\n\n<li><a href=\"https:\/\/barcelonatickets.org\/fr\/page-category\/en-dehors-de-barcelone\/\">En dehors de Barcelone<\/a><\/li>\n\n\n\n<li><a href=\"https:\/\/barcelonatickets.org\/fr\/page-category\/guide-de-la-ville-de-barcelone\/\">Guide de la ville de Barcelone<br><\/a><a href=\"https:\/\/barcelonatickets.org\/fr\/page-category\/fetes-et-evenem\/\">Journ\u00e9es et \u00e9v\u00e9nements \u00e0 Barcelone<\/a><\/li>\n\n\n\n<li><a href=\"https:\/\/barcelonatickets.org\/fr\/page-category\/ou-manger-a-barcelone\/\">O\u00f9 manger \u00e0 Barcelone<\/a><\/li>\n\n\n\n<li><a href=\"https:\/\/barcelonatickets.org\/fr\/page-category\/meilleure-periode-pour-voyager-a-barcelone\/\">Meilleure p\u00e9riode pour visiter Barcelone<\/a><\/li>\n\n\n\n<li><a href=\"https:\/\/barcelonatickets.org\/fr\/page-category\/planification-d-un-voyage-a-barcelone\/\">Planification d&rsquo;un voyage \u00e0 Barcelone<br><\/a><\/li>\n<\/ul>\n\n\n\n<h2 class=\"wp-block-heading\"><a href=\"https:\/\/barcelonatickets.org\/fr\/blog\/\">Blog<\/a><\/h2>\n\n\n\n<p><a href=\"https:\/\/barcelonatickets.org\/fr\/les-tresors-culturels-de-barcelone-les-meilleurs-musees-a-explorer\/\">Les tr\u00e9sors culturels de Barcelone : Les meilleurs mus\u00e9es \u00e0 explorer<br><\/a><a href=\"https:\/\/barcelonatickets.org\/fr\/les-5-meilleurs-points-de-vue-de-barcelone-une-vue-de-reve-de-barcelone\/\">Les 5 meilleurs points de vue de Barcelone : Une vue de r\u00eave de Barcelone<\/a><\/p>\n","protected":false},"excerpt":{"rendered":"<p>Accueil Billets Barcelone Points de rep\u00e8re \u00e0 Barcelone Billets pour les attractions de Barcelone Informations touristiques sur Barcelone Blog Les tr\u00e9sors culturels de Barcelone : Les meilleurs mus\u00e9es \u00e0 explorerLes 5 meilleurs points de vue de Barcelone : Une vue de r\u00eave de Barcelone<\/p>\n","protected":false},"author":2,"featured_media":0,"parent":0,"menu_order":0,"comment_status":"closed","ping_status":"closed","template":"","meta":{"footnotes":""},"class_list":["post-5885","page","type-page","status-publish","hentry"],"yoast_head":"<!-- This site is optimized with the Yoast SEO plugin v20.12 - https:\/\/yoast.com\/wordpress\/plugins\/seo\/ -->\n<title>Plan du site Billets pour Barcelone - Barcelona Tickets<\/title>\n<meta name=\"description\" content=\"D\u00e9couvrez toutes les informations sur les billets de Barcelone r\u00e9sum\u00e9es sur notre carte web, le guide de voyage par excellence.\" \/>\n<meta name=\"robots\" content=\"index, follow, max-snippet:-1, max-image-preview:large, max-video-preview:-1\" \/>\n<link rel=\"canonical\" href=\"https:\/\/barcelonatickets.org\/fr\/plan-du-site-billets-pour-barcelone\/\" \/>\n<meta property=\"og:locale\" content=\"fr_FR\" \/>\n<meta property=\"og:type\" content=\"article\" \/>\n<meta property=\"og:title\" content=\"Plan du site Billets pour Barcelone - Barcelona Tickets\" \/>\n<meta property=\"og:description\" content=\"D\u00e9couvrez toutes les informations sur les billets de Barcelone r\u00e9sum\u00e9es sur notre carte web, le guide de voyage par excellence.\" \/>\n<meta property=\"og:url\" content=\"https:\/\/barcelonatickets.org\/fr\/plan-du-site-billets-pour-barcelone\/\" \/>\n<meta property=\"og:site_name\" content=\"Barcelona Tickets\" \/>\n<meta property=\"article:modified_time\" content=\"2024-06-28T09:21:45+00:00\" \/>\n<meta name=\"twitter:card\" content=\"summary_large_image\" \/>\n<meta name=\"twitter:label1\" content=\"Dur\u00e9e de lecture estim\u00e9e\" \/>\n\t<meta name=\"twitter:data1\" content=\"1 minute\" \/>\n<script type=\"application\/ld+json\" class=\"yoast-schema-graph\">{\"@context\":\"https:\/\/schema.org\",\"@graph\":[{\"@type\":\"WebPage\",\"@id\":\"https:\/\/barcelonatickets.org\/fr\/plan-du-site-billets-pour-barcelone\/\",\"url\":\"https:\/\/barcelonatickets.org\/fr\/plan-du-site-billets-pour-barcelone\/\",\"name\":\"Plan du site Billets pour Barcelone - Barcelona Tickets\",\"isPartOf\":{\"@id\":\"https:\/\/barcelonatickets.org\/fr\/#website\"},\"datePublished\":\"2024-03-07T16:16:15+00:00\",\"dateModified\":\"2024-06-28T09:21:45+00:00\",\"description\":\"D\u00e9couvrez toutes les informations sur les billets de Barcelone r\u00e9sum\u00e9es sur notre carte web, le guide de voyage par excellence.\",\"breadcrumb\":{\"@id\":\"https:\/\/barcelonatickets.org\/fr\/plan-du-site-billets-pour-barcelone\/#breadcrumb\"},\"inLanguage\":\"fr-FR\",\"potentialAction\":[{\"@type\":\"ReadAction\",\"target\":[\"https:\/\/barcelonatickets.org\/fr\/plan-du-site-billets-pour-barcelone\/\"]}]},{\"@type\":\"BreadcrumbList\",\"@id\":\"https:\/\/barcelonatickets.org\/fr\/plan-du-site-billets-pour-barcelone\/#breadcrumb\",\"itemListElement\":[{\"@type\":\"ListItem\",\"position\":1,\"name\":\"Home\",\"item\":\"https:\/\/barcelonatickets.org\/fr\/\"},{\"@type\":\"ListItem\",\"position\":2,\"name\":\"Plan du site Billets pour Barcelone\"}]},{\"@type\":\"WebSite\",\"@id\":\"https:\/\/barcelonatickets.org\/fr\/#website\",\"url\":\"https:\/\/barcelonatickets.org\/fr\/\",\"name\":\"Barcelona Tickets\",\"description\":\"\",\"publisher\":{\"@id\":\"https:\/\/barcelonatickets.org\/fr\/#organization\"},\"potentialAction\":[{\"@type\":\"SearchAction\",\"target\":{\"@type\":\"EntryPoint\",\"urlTemplate\":\"https:\/\/barcelonatickets.org\/fr\/?s={search_term_string}\"},\"query-input\":\"required name=search_term_string\"}],\"inLanguage\":\"fr-FR\"},{\"@type\":\"Organization\",\"@id\":\"https:\/\/barcelonatickets.org\/fr\/#organization\",\"name\":\"Barcelona Tickets\",\"url\":\"https:\/\/barcelonatickets.org\/fr\/\",\"logo\":{\"@type\":\"ImageObject\",\"inLanguage\":\"fr-FR\",\"@id\":\"https:\/\/barcelonatickets.org\/fr\/#\/schema\/logo\/image\/\",\"url\":\"https:\/\/barcelonatickets.org\/wp-content\/uploads\/2023\/05\/logo-bt-3.png\",\"contentUrl\":\"https:\/\/barcelonatickets.org\/wp-content\/uploads\/2023\/05\/logo-bt-3.png\",\"width\":225,\"height\":37,\"caption\":\"Barcelona Tickets\"},\"image\":{\"@id\":\"https:\/\/barcelonatickets.org\/fr\/#\/schema\/logo\/image\/\"}}]}<\/script>\n<!-- \/ Yoast SEO plugin. -->","yoast_head_json":{"title":"Plan du site Billets pour Barcelone - Barcelona Tickets","description":"D\u00e9couvrez toutes les informations sur les billets de Barcelone r\u00e9sum\u00e9es sur notre carte web, le guide de voyage par excellence.","robots":{"index":"index","follow":"follow","max-snippet":"max-snippet:-1","max-image-preview":"max-image-preview:large","max-video-preview":"max-video-preview:-1"},"canonical":"https:\/\/barcelonatickets.org\/fr\/plan-du-site-billets-pour-barcelone\/","og_locale":"fr_FR","og_type":"article","og_title":"Plan du site Billets pour Barcelone - Barcelona Tickets","og_description":"D\u00e9couvrez toutes les informations sur les billets de Barcelone r\u00e9sum\u00e9es sur notre carte web, le guide de voyage par excellence.","og_url":"https:\/\/barcelonatickets.org\/fr\/plan-du-site-billets-pour-barcelone\/","og_site_name":"Barcelona Tickets","article_modified_time":"2024-06-28T09:21:45+00:00","twitter_card":"summary_large_image","twitter_misc":{"Dur\u00e9e de lecture estim\u00e9e":"1 minute"},"schema":{"@context":"https:\/\/schema.org","@graph":[{"@type":"WebPage","@id":"https:\/\/barcelonatickets.org\/fr\/plan-du-site-billets-pour-barcelone\/","url":"https:\/\/barcelonatickets.org\/fr\/plan-du-site-billets-pour-barcelone\/","name":"Plan du site Billets pour Barcelone - Barcelona Tickets","isPartOf":{"@id":"https:\/\/barcelonatickets.org\/fr\/#website"},"datePublished":"2024-03-07T16:16:15+00:00","dateModified":"2024-06-28T09:21:45+00:00","description":"D\u00e9couvrez toutes les informations sur les billets de Barcelone r\u00e9sum\u00e9es sur notre carte web, le guide de voyage par excellence.","breadcrumb":{"@id":"https:\/\/barcelonatickets.org\/fr\/plan-du-site-billets-pour-barcelone\/#breadcrumb"},"inLanguage":"fr-FR","potentialAction":[{"@type":"ReadAction","target":["https:\/\/barcelonatickets.org\/fr\/plan-du-site-billets-pour-barcelone\/"]}]},{"@type":"BreadcrumbList","@id":"https:\/\/barcelonatickets.org\/fr\/plan-du-site-billets-pour-barcelone\/#breadcrumb","itemListElement":[{"@type":"ListItem","position":1,"name":"Home","item":"https:\/\/barcelonatickets.org\/fr\/"},{"@type":"ListItem","position":2,"name":"Plan du site Billets pour Barcelone"}]},{"@type":"WebSite","@id":"https:\/\/barcelonatickets.org\/fr\/#website","url":"https:\/\/barcelonatickets.org\/fr\/","name":"Barcelona Tickets","description":"","publisher":{"@id":"https:\/\/barcelonatickets.org\/fr\/#organization"},"potentialAction":[{"@type":"SearchAction","target":{"@type":"EntryPoint","urlTemplate":"https:\/\/barcelonatickets.org\/fr\/?s={search_term_string}"},"query-input":"required name=search_term_string"}],"inLanguage":"fr-FR"},{"@type":"Organization","@id":"https:\/\/barcelonatickets.org\/fr\/#organization","name":"Barcelona Tickets","url":"https:\/\/barcelonatickets.org\/fr\/","logo":{"@type":"ImageObject","inLanguage":"fr-FR","@id":"https:\/\/barcelonatickets.org\/fr\/#\/schema\/logo\/image\/","url":"https:\/\/barcelonatickets.org\/wp-content\/uploads\/2023\/05\/logo-bt-3.png","contentUrl":"https:\/\/barcelonatickets.org\/wp-content\/uploads\/2023\/05\/logo-bt-3.png","width":225,"height":37,"caption":"Barcelona Tickets"},"image":{"@id":"https:\/\/barcelonatickets.org\/fr\/#\/schema\/logo\/image\/"}}]}},"_links":{"self":[{"href":"https:\/\/barcelonatickets.org\/fr\/wp-json\/wp\/v2\/pages\/5885","targetHints":{"allow":["GET"]}}],"collection":[{"href":"https:\/\/barcelonatickets.org\/fr\/wp-json\/wp\/v2\/pages"}],"about":[{"href":"https:\/\/barcelonatickets.org\/fr\/wp-json\/wp\/v2\/types\/page"}],"author":[{"embeddable":true,"href":"https:\/\/barcelonatickets.org\/fr\/wp-json\/wp\/v2\/users\/2"}],"replies":[{"embeddable":true,"href":"https:\/\/barcelonatickets.org\/fr\/wp-json\/wp\/v2\/comments?post=5885"}],"version-history":[{"count":9,"href":"https:\/\/barcelonatickets.org\/fr\/wp-json\/wp\/v2\/pages\/5885\/revisions"}],"predecessor-version":[{"id":9413,"href":"https:\/\/barcelonatickets.org\/fr\/wp-json\/wp\/v2\/pages\/5885\/revisions\/9413"}],"wp:attachment":[{"href":"https:\/\/barcelonatickets.org\/fr\/wp-json\/wp\/v2\/media?parent=5885"}],"curies":[{"name":"wp","href":"https:\/\/api.w.org\/{rel}","templated":true}]}}