{"id":5929,"date":"2024-03-08T14:11:31","date_gmt":"2024-03-08T14:11:31","guid":{"rendered":"https:\/\/barcelonatickets.org\/a-propos-des-billets-pour-barcelone\/"},"modified":"2024-03-19T08:47:31","modified_gmt":"2024-03-19T08:47:31","slug":"a-propos-des-billets-pour-barcelone","status":"publish","type":"page","link":"https:\/\/barcelonatickets.org\/fr\/a-propos-des-billets-pour-barcelone\/","title":{"rendered":"A propos des billets pour Barcelone"},"content":{"rendered":"\t\t<div data-elementor-type=\"wp-page\" data-elementor-id=\"5929\" class=\"elementor elementor-5929 elementor-5922\">\n\t\t\t\t\t\t\t\t\t<section class=\"elementor-section elementor-top-section elementor-element elementor-element-6bd7c245 elementor-section-height-min-height elementor-section-boxed elementor-section-height-default elementor-section-items-middle\" data-id=\"6bd7c245\" data-element_type=\"section\" data-settings=\"{&quot;background_background&quot;:&quot;classic&quot;}\">\n\t\t\t\t\t\t\t<div class=\"elementor-background-overlay\"><\/div>\n\t\t\t\t\t\t\t<div class=\"elementor-container elementor-column-gap-default\">\n\t\t\t\t\t<div class=\"elementor-column elementor-col-50 elementor-top-column elementor-element elementor-element-3a82f3e9\" data-id=\"3a82f3e9\" data-element_type=\"column\">\n\t\t\t<div class=\"elementor-widget-wrap elementor-element-populated\">\n\t\t\t\t\t\t\t\t<div class=\"elementor-element elementor-element-6036d641 elementor-widget elementor-widget-heading\" data-id=\"6036d641\" data-element_type=\"widget\" data-widget_type=\"heading.default\">\n\t\t\t\t<div class=\"elementor-widget-container\">\n\t\t\t<style>\/*! elementor - v3.15.0 - 31-07-2023 *\/\n.elementor-heading-title{padding:0;margin:0;line-height:1}.elementor-widget-heading .elementor-heading-title[class*=elementor-size-]>a{color:inherit;font-size:inherit;line-height:inherit}.elementor-widget-heading .elementor-heading-title.elementor-size-small{font-size:15px}.elementor-widget-heading .elementor-heading-title.elementor-size-medium{font-size:19px}.elementor-widget-heading .elementor-heading-title.elementor-size-large{font-size:29px}.elementor-widget-heading .elementor-heading-title.elementor-size-xl{font-size:39px}.elementor-widget-heading .elementor-heading-title.elementor-size-xxl{font-size:59px}<\/style><h1 class=\"elementor-heading-title elementor-size-default\">A propos des billets pour Barcelone<\/h1>\t\t<\/div>\n\t\t\t\t<\/div>\n\t\t\t\t\t<\/div>\n\t\t<\/div>\n\t\t\t\t<div class=\"elementor-column elementor-col-50 elementor-top-column elementor-element elementor-element-736654e7\" data-id=\"736654e7\" data-element_type=\"column\">\n\t\t\t<div class=\"elementor-widget-wrap\">\n\t\t\t\t\t\t\t\t\t<\/div>\n\t\t<\/div>\n\t\t\t\t\t\t\t<\/div>\n\t\t<\/section>\n\t\t\t\t<section class=\"elementor-section elementor-top-section elementor-element elementor-element-1431efd4 elementor-section-height-min-height elementor-section-boxed elementor-section-height-default elementor-section-items-middle\" data-id=\"1431efd4\" data-element_type=\"section\" data-settings=\"{&quot;background_background&quot;:&quot;classic&quot;}\">\n\t\t\t\t\t\t<div class=\"elementor-container elementor-column-gap-default\">\n\t\t\t\t\t<div class=\"elementor-column elementor-col-100 elementor-top-column elementor-element elementor-element-3cb0d836\" data-id=\"3cb0d836\" data-element_type=\"column\">\n\t\t\t<div class=\"elementor-widget-wrap\">\n\t\t\t\t\t\t\t\t\t<\/div>\n\t\t<\/div>\n\t\t\t\t\t\t\t<\/div>\n\t\t<\/section>\n\t\t\t\t<section class=\"elementor-section elementor-top-section elementor-element elementor-element-7228044 elementor-section-boxed elementor-section-height-default elementor-section-height-default\" data-id=\"7228044\" data-element_type=\"section\">\n\t\t\t\t\t\t<div class=\"elementor-container elementor-column-gap-default\">\n\t\t\t\t\t<div class=\"elementor-column elementor-col-100 elementor-top-column elementor-element elementor-element-5fc2da1\" data-id=\"5fc2da1\" data-element_type=\"column\">\n\t\t\t<div class=\"elementor-widget-wrap elementor-element-populated\">\n\t\t\t\t\t\t\t\t<div class=\"elementor-element elementor-element-4306949 elementor-widget elementor-widget-text-editor\" data-id=\"4306949\" data-element_type=\"widget\" data-widget_type=\"text-editor.default\">\n\t\t\t\t<div class=\"elementor-widget-container\">\n\t\t\t<style>\/*! elementor - v3.15.0 - 31-07-2023 *\/\n.elementor-widget-text-editor.elementor-drop-cap-view-stacked .elementor-drop-cap{background-color:#69727d;color:#fff}.elementor-widget-text-editor.elementor-drop-cap-view-framed .elementor-drop-cap{color:#69727d;border:3px solid;background-color:transparent}.elementor-widget-text-editor:not(.elementor-drop-cap-view-default) .elementor-drop-cap{margin-top:8px}.elementor-widget-text-editor:not(.elementor-drop-cap-view-default) .elementor-drop-cap-letter{width:1em;height:1em}.elementor-widget-text-editor .elementor-drop-cap{float:left;text-align:center;line-height:1;font-size:50px}.elementor-widget-text-editor .elementor-drop-cap-letter{display:inline-block}<\/style>\t\t\t\t<p><span style=\"font-weight: 400;\">Chez Barcelona Tickets, nous sommes passionn\u00e9s par la mise en relation des visiteurs avec les merveilles culturelles et architecturales les plus embl\u00e9matiques de Barcelone. <\/span><b>les merveilles culturelles et architecturales les plus embl\u00e9matiques de Barcelone<\/b><span style=\"font-weight: 400;\">. Nous sommes une plateforme d\u00e9di\u00e9e exclusivement \u00e0  <\/span><b>la r\u00e9servation de billets pour des attractions <\/b><span style=\"font-weight: 400;\">telles que <\/span><b>Sagrada Familia, Park G\u00fcell<\/b><span style=\"font-weight: 400;\">La Roca Village, Casa Batll\u00f3 et le Camp Nou du FC Barcelone. Notre objectif est de rendre votre exp\u00e9rience \u00e0 Barcelone inoubliable d\u00e8s le moment o\u00f9 vous r\u00e9servez votre billet.<\/span><\/p>\n\t\t\t\t\t\t<\/div>\n\t\t\t\t<\/div>\n\t\t\t\t\t<\/div>\n\t\t<\/div>\n\t\t\t\t\t\t\t<\/div>\n\t\t<\/section>\n\t\t\t\t<section class=\"elementor-section elementor-top-section elementor-element elementor-element-241fad36 elementor-section-boxed elementor-section-height-default elementor-section-height-default\" data-id=\"241fad36\" data-element_type=\"section\">\n\t\t\t\t\t\t<div class=\"elementor-container elementor-column-gap-default\">\n\t\t\t\t\t<div class=\"elementor-column elementor-col-100 elementor-top-column elementor-element elementor-element-6bfd2bd5\" data-id=\"6bfd2bd5\" data-element_type=\"column\">\n\t\t\t<div class=\"elementor-widget-wrap elementor-element-populated\">\n\t\t\t\t\t\t\t\t<div class=\"elementor-element elementor-element-6239c0c7 elementor-widget elementor-widget-heading\" data-id=\"6239c0c7\" data-element_type=\"widget\" data-widget_type=\"heading.default\">\n\t\t\t\t<div class=\"elementor-widget-container\">\n\t\t\t<h2 class=\"elementor-heading-title elementor-size-default\">Qui sont les Barcelona Tickets ?<\/h2>\t\t<\/div>\n\t\t\t\t<\/div>\n\t\t\t\t<div class=\"elementor-element elementor-element-19cd0490 elementor-widget elementor-widget-text-editor\" data-id=\"19cd0490\" data-element_type=\"widget\" data-widget_type=\"text-editor.default\">\n\t\t\t\t<div class=\"elementor-widget-container\">\n\t\t\t\t\t\t\t<p>Chez Barcelona Tickets, nous sommes une \u00e9quipe d&rsquo;experts locaux et de passionn\u00e9s de tourisme qui se sont r\u00e9unis avec un objectif clair : permettre <strong>aux visiteurs d&rsquo;explorer<\/strong> facilement <strong>les attractions les plus embl\u00e9matiques de Barcelone<\/strong>. Nous nous engageons \u00e0 vous offrir une exp\u00e9rience de r\u00e9servation sans probl\u00e8me et \u00e0 vous fournir toutes les informations dont vous avez besoin pour tirer le meilleur parti de votre visite.<\/p>\n\t\t\t\t\t\t<\/div>\n\t\t\t\t<\/div>\n\t\t\t\t\t<\/div>\n\t\t<\/div>\n\t\t\t\t\t\t\t<\/div>\n\t\t<\/section>\n\t\t\t\t<section class=\"elementor-section elementor-top-section elementor-element elementor-element-4c593aad elementor-section-boxed elementor-section-height-default elementor-section-height-default\" data-id=\"4c593aad\" data-element_type=\"section\">\n\t\t\t\t\t\t<div class=\"elementor-container elementor-column-gap-default\">\n\t\t\t\t\t<div class=\"elementor-column elementor-col-100 elementor-top-column elementor-element elementor-element-7de9e155\" data-id=\"7de9e155\" data-element_type=\"column\">\n\t\t\t<div class=\"elementor-widget-wrap elementor-element-populated\">\n\t\t\t\t\t\t\t\t<div class=\"elementor-element elementor-element-1a8167a9 elementor-widget elementor-widget-heading\" data-id=\"1a8167a9\" data-element_type=\"widget\" data-widget_type=\"heading.default\">\n\t\t\t\t<div class=\"elementor-widget-container\">\n\t\t\t<h2 class=\"elementor-heading-title elementor-size-default\">Notre mission<\/h2>\t\t<\/div>\n\t\t\t\t<\/div>\n\t\t\t\t<div class=\"elementor-element elementor-element-33e49bc7 elementor-widget elementor-widget-text-editor\" data-id=\"33e49bc7\" data-element_type=\"widget\" data-widget_type=\"text-editor.default\">\n\t\t\t\t<div class=\"elementor-widget-container\">\n\t\t\t\t\t\t\t<p>Notre mission \u00e0 Barcelona Tickets est d&rsquo;\u00eatre votre partenaire de confiance dans l&rsquo;exploration de Barcelone. Nous voulons simplifier le processus de r\u00e9servation pour que vous puissiez profiter pleinement de votre s\u00e9jour dans la ville. En vous offrant un acc\u00e8s s\u00fbr et pratique aux attractions les plus remarquables, nous nous engageons \u00e0 rendre votre visite \u00e0 Barcelone m\u00e9morable et enrichissante.<\/p>\n<p>Nous voulons vous ouvrir les portes de la <b>culture barcelonaise<\/b> et vous permettre d&rsquo;acc\u00e9der aux chefs-d&rsquo;\u0153uvre qui ont captiv\u00e9 des g\u00e9n\u00e9rations.<br \/><b><br \/>Un soutien quand vous en avez besoin<\/b><br \/>Un service d&rsquo;assistance \u00e0 la client\u00e8le pour vous aider \u00e0 r\u00e9pondre \u00e0 tous vos besoins de 9h00 \u00e0 19h00<br \/><b><br \/>R\u00e9servation rapide et en ligne<\/b><br \/>Choisissez la meilleure option en fonction de vos besoins et de vos pr\u00e9f\u00e9rences et \u00e9vitez les files d&rsquo;attente en r\u00e9servant ici.<br \/><b><br \/>Principales attractions de Barcelone<\/b><br \/>Ne manquez pas l&rsquo;occasion de visiter les meilleures attractions de Barcelone.<\/p>\n<p>Faites de votre visite \u00e0 Barcelone une exp\u00e9rience parfaite avec Barcelona Tickets. R\u00e9servez vos billets avec nous et pr\u00e9parez-vous \u00e0 d\u00e9couvrir la beaut\u00e9 et l&rsquo;effervescence que cette ville dynamique a \u00e0 offrir. Bienvenue \u00e0 Barcelone, o\u00f9 chaque coin de rue est charg\u00e9 d&rsquo;histoire, de culture et de divertissement !<\/p>\n\t\t\t\t\t\t<\/div>\n\t\t\t\t<\/div>\n\t\t\t\t\t<\/div>\n\t\t<\/div>\n\t\t\t\t\t\t\t<\/div>\n\t\t<\/section>\n\t\t\t\t<section class=\"elementor-section elementor-top-section elementor-element elementor-element-1579ecb elementor-section-boxed elementor-section-height-default elementor-section-height-default\" data-id=\"1579ecb\" data-element_type=\"section\">\n\t\t\t\t\t\t<div class=\"elementor-container elementor-column-gap-default\">\n\t\t\t\t\t<div class=\"elementor-column elementor-col-100 elementor-top-column elementor-element elementor-element-86b8d19\" data-id=\"86b8d19\" data-element_type=\"column\">\n\t\t\t<div class=\"elementor-widget-wrap elementor-element-populated\">\n\t\t\t\t\t\t\t\t<div class=\"elementor-element elementor-element-18fcff1 elementor-widget elementor-widget-text-editor\" data-id=\"18fcff1\" data-element_type=\"widget\" data-widget_type=\"text-editor.default\">\n\t\t\t\t<div class=\"elementor-widget-container\">\n\t\t\t\t\t\t\tBarcelona Tickets &#8211; D\u00e9couvrez Barcelone comme jamais auparavant : votre acc\u00e8s exclusif aux meilleurs \u00e9v\u00e9nements et attractions de la ville.\n\t\t\t\t\t\t<\/div>\n\t\t\t\t<\/div>\n\t\t\t\t\t<\/div>\n\t\t<\/div>\n\t\t\t\t\t\t\t<\/div>\n\t\t<\/section>\n\t\t\t\t\t\t\t<\/div>\n\t\t","protected":false},"excerpt":{"rendered":"<p>A propos des billets pour Barcelone Chez Barcelona Tickets, nous sommes passionn\u00e9s par la mise en relation des visiteurs avec les merveilles culturelles et architecturales les plus embl\u00e9matiques de Barcelone. les merveilles culturelles et architecturales les plus embl\u00e9matiques de Barcelone. Nous sommes une plateforme d\u00e9di\u00e9e exclusivement \u00e0 la r\u00e9servation de billets pour des attractions telles [&hellip;]<\/p>\n","protected":false},"author":1,"featured_media":0,"parent":0,"menu_order":0,"comment_status":"closed","ping_status":"closed","template":"elementor_header_footer","meta":{"footnotes":""},"class_list":["post-5929","page","type-page","status-publish","hentry","page_category-guide-de-la-ville-de-barcelone"],"yoast_head":"<!-- This site is optimized with the Yoast SEO plugin v20.12 - https:\/\/yoast.com\/wordpress\/plugins\/seo\/ -->\n<title>D\u00e9couvrez toutes les informations sur les billets d&#039;avion pour Barcelone<\/title>\n<meta name=\"description\" content=\"Vous envisagez de partir en vacances \u00e0 Barcelone ? Chez Barcelona Tickets, nous voulons vous fournir des billets pour les monuments de Barcelone et des informations utiles pour votre visite.\" \/>\n<meta name=\"robots\" content=\"index, follow, max-snippet:-1, max-image-preview:large, max-video-preview:-1\" \/>\n<link rel=\"canonical\" href=\"https:\/\/barcelonatickets.org\/fr\/a-propos-des-billets-pour-barcelone\/\" \/>\n<meta property=\"og:locale\" content=\"fr_FR\" \/>\n<meta property=\"og:type\" content=\"article\" \/>\n<meta property=\"og:title\" content=\"D\u00e9couvrez toutes les informations sur les billets d&#039;avion pour Barcelone\" \/>\n<meta property=\"og:description\" content=\"Vous envisagez de partir en vacances \u00e0 Barcelone ? Chez Barcelona Tickets, nous voulons vous fournir des billets pour les monuments de Barcelone et des informations utiles pour votre visite.\" \/>\n<meta property=\"og:url\" content=\"https:\/\/barcelonatickets.org\/fr\/a-propos-des-billets-pour-barcelone\/\" \/>\n<meta property=\"og:site_name\" content=\"Barcelona Tickets\" \/>\n<meta property=\"article:modified_time\" content=\"2024-03-19T08:47:31+00:00\" \/>\n<meta name=\"twitter:card\" content=\"summary_large_image\" \/>\n<meta name=\"twitter:label1\" content=\"Dur\u00e9e de lecture estim\u00e9e\" \/>\n\t<meta name=\"twitter:data1\" content=\"2 minutes\" \/>\n<script type=\"application\/ld+json\" class=\"yoast-schema-graph\">{\"@context\":\"https:\/\/schema.org\",\"@graph\":[{\"@type\":\"WebPage\",\"@id\":\"https:\/\/barcelonatickets.org\/fr\/a-propos-des-billets-pour-barcelone\/\",\"url\":\"https:\/\/barcelonatickets.org\/fr\/a-propos-des-billets-pour-barcelone\/\",\"name\":\"D\u00e9couvrez toutes les informations sur les billets d'avion pour Barcelone\",\"isPartOf\":{\"@id\":\"https:\/\/barcelonatickets.org\/fr\/#website\"},\"datePublished\":\"2024-03-08T14:11:31+00:00\",\"dateModified\":\"2024-03-19T08:47:31+00:00\",\"description\":\"Vous envisagez de partir en vacances \u00e0 Barcelone ? Chez Barcelona Tickets, nous voulons vous fournir des billets pour les monuments de Barcelone et des informations utiles pour votre visite.\",\"breadcrumb\":{\"@id\":\"https:\/\/barcelonatickets.org\/fr\/a-propos-des-billets-pour-barcelone\/#breadcrumb\"},\"inLanguage\":\"fr-FR\",\"potentialAction\":[{\"@type\":\"ReadAction\",\"target\":[\"https:\/\/barcelonatickets.org\/fr\/a-propos-des-billets-pour-barcelone\/\"]}]},{\"@type\":\"BreadcrumbList\",\"@id\":\"https:\/\/barcelonatickets.org\/fr\/a-propos-des-billets-pour-barcelone\/#breadcrumb\",\"itemListElement\":[{\"@type\":\"ListItem\",\"position\":1,\"name\":\"Home\",\"item\":\"https:\/\/barcelonatickets.org\/fr\/\"},{\"@type\":\"ListItem\",\"position\":2,\"name\":\"A propos des billets pour Barcelone\"}]},{\"@type\":\"WebSite\",\"@id\":\"https:\/\/barcelonatickets.org\/fr\/#website\",\"url\":\"https:\/\/barcelonatickets.org\/fr\/\",\"name\":\"Barcelona Tickets\",\"description\":\"\",\"publisher\":{\"@id\":\"https:\/\/barcelonatickets.org\/fr\/#organization\"},\"potentialAction\":[{\"@type\":\"SearchAction\",\"target\":{\"@type\":\"EntryPoint\",\"urlTemplate\":\"https:\/\/barcelonatickets.org\/fr\/?s={search_term_string}\"},\"query-input\":\"required name=search_term_string\"}],\"inLanguage\":\"fr-FR\"},{\"@type\":\"Organization\",\"@id\":\"https:\/\/barcelonatickets.org\/fr\/#organization\",\"name\":\"Barcelona Tickets\",\"url\":\"https:\/\/barcelonatickets.org\/fr\/\",\"logo\":{\"@type\":\"ImageObject\",\"inLanguage\":\"fr-FR\",\"@id\":\"https:\/\/barcelonatickets.org\/fr\/#\/schema\/logo\/image\/\",\"url\":\"https:\/\/barcelonatickets.org\/wp-content\/uploads\/2023\/05\/logo-bt-3.png\",\"contentUrl\":\"https:\/\/barcelonatickets.org\/wp-content\/uploads\/2023\/05\/logo-bt-3.png\",\"width\":225,\"height\":37,\"caption\":\"Barcelona Tickets\"},\"image\":{\"@id\":\"https:\/\/barcelonatickets.org\/fr\/#\/schema\/logo\/image\/\"}}]}<\/script>\n<!-- \/ Yoast SEO plugin. -->","yoast_head_json":{"title":"D\u00e9couvrez toutes les informations sur les billets d'avion pour Barcelone","description":"Vous envisagez de partir en vacances \u00e0 Barcelone ? Chez Barcelona Tickets, nous voulons vous fournir des billets pour les monuments de Barcelone et des informations utiles pour votre visite.","robots":{"index":"index","follow":"follow","max-snippet":"max-snippet:-1","max-image-preview":"max-image-preview:large","max-video-preview":"max-video-preview:-1"},"canonical":"https:\/\/barcelonatickets.org\/fr\/a-propos-des-billets-pour-barcelone\/","og_locale":"fr_FR","og_type":"article","og_title":"D\u00e9couvrez toutes les informations sur les billets d'avion pour Barcelone","og_description":"Vous envisagez de partir en vacances \u00e0 Barcelone ? Chez Barcelona Tickets, nous voulons vous fournir des billets pour les monuments de Barcelone et des informations utiles pour votre visite.","og_url":"https:\/\/barcelonatickets.org\/fr\/a-propos-des-billets-pour-barcelone\/","og_site_name":"Barcelona Tickets","article_modified_time":"2024-03-19T08:47:31+00:00","twitter_card":"summary_large_image","twitter_misc":{"Dur\u00e9e de lecture estim\u00e9e":"2 minutes"},"schema":{"@context":"https:\/\/schema.org","@graph":[{"@type":"WebPage","@id":"https:\/\/barcelonatickets.org\/fr\/a-propos-des-billets-pour-barcelone\/","url":"https:\/\/barcelonatickets.org\/fr\/a-propos-des-billets-pour-barcelone\/","name":"D\u00e9couvrez toutes les informations sur les billets d'avion pour Barcelone","isPartOf":{"@id":"https:\/\/barcelonatickets.org\/fr\/#website"},"datePublished":"2024-03-08T14:11:31+00:00","dateModified":"2024-03-19T08:47:31+00:00","description":"Vous envisagez de partir en vacances \u00e0 Barcelone ? Chez Barcelona Tickets, nous voulons vous fournir des billets pour les monuments de Barcelone et des informations utiles pour votre visite.","breadcrumb":{"@id":"https:\/\/barcelonatickets.org\/fr\/a-propos-des-billets-pour-barcelone\/#breadcrumb"},"inLanguage":"fr-FR","potentialAction":[{"@type":"ReadAction","target":["https:\/\/barcelonatickets.org\/fr\/a-propos-des-billets-pour-barcelone\/"]}]},{"@type":"BreadcrumbList","@id":"https:\/\/barcelonatickets.org\/fr\/a-propos-des-billets-pour-barcelone\/#breadcrumb","itemListElement":[{"@type":"ListItem","position":1,"name":"Home","item":"https:\/\/barcelonatickets.org\/fr\/"},{"@type":"ListItem","position":2,"name":"A propos des billets pour Barcelone"}]},{"@type":"WebSite","@id":"https:\/\/barcelonatickets.org\/fr\/#website","url":"https:\/\/barcelonatickets.org\/fr\/","name":"Barcelona Tickets","description":"","publisher":{"@id":"https:\/\/barcelonatickets.org\/fr\/#organization"},"potentialAction":[{"@type":"SearchAction","target":{"@type":"EntryPoint","urlTemplate":"https:\/\/barcelonatickets.org\/fr\/?s={search_term_string}"},"query-input":"required name=search_term_string"}],"inLanguage":"fr-FR"},{"@type":"Organization","@id":"https:\/\/barcelonatickets.org\/fr\/#organization","name":"Barcelona Tickets","url":"https:\/\/barcelonatickets.org\/fr\/","logo":{"@type":"ImageObject","inLanguage":"fr-FR","@id":"https:\/\/barcelonatickets.org\/fr\/#\/schema\/logo\/image\/","url":"https:\/\/barcelonatickets.org\/wp-content\/uploads\/2023\/05\/logo-bt-3.png","contentUrl":"https:\/\/barcelonatickets.org\/wp-content\/uploads\/2023\/05\/logo-bt-3.png","width":225,"height":37,"caption":"Barcelona Tickets"},"image":{"@id":"https:\/\/barcelonatickets.org\/fr\/#\/schema\/logo\/image\/"}}]}},"_links":{"self":[{"href":"https:\/\/barcelonatickets.org\/fr\/wp-json\/wp\/v2\/pages\/5929","targetHints":{"allow":["GET"]}}],"collection":[{"href":"https:\/\/barcelonatickets.org\/fr\/wp-json\/wp\/v2\/pages"}],"about":[{"href":"https:\/\/barcelonatickets.org\/fr\/wp-json\/wp\/v2\/types\/page"}],"author":[{"embeddable":true,"href":"https:\/\/barcelonatickets.org\/fr\/wp-json\/wp\/v2\/users\/1"}],"replies":[{"embeddable":true,"href":"https:\/\/barcelonatickets.org\/fr\/wp-json\/wp\/v2\/comments?post=5929"}],"version-history":[{"count":2,"href":"https:\/\/barcelonatickets.org\/fr\/wp-json\/wp\/v2\/pages\/5929\/revisions"}],"predecessor-version":[{"id":5932,"href":"https:\/\/barcelonatickets.org\/fr\/wp-json\/wp\/v2\/pages\/5929\/revisions\/5932"}],"wp:attachment":[{"href":"https:\/\/barcelonatickets.org\/fr\/wp-json\/wp\/v2\/media?parent=5929"}],"curies":[{"name":"wp","href":"https:\/\/api.w.org\/{rel}","templated":true}]}}