{"id":904,"date":"2023-04-06T12:22:16","date_gmt":"2023-04-06T12:22:16","guid":{"rendered":"https:\/\/barcelonatickets.org\/politique-en-matiere-de-cookies\/"},"modified":"2024-03-21T11:24:23","modified_gmt":"2024-03-21T11:24:23","slug":"politique-en-matiere-de-cookies","status":"publish","type":"page","link":"https:\/\/barcelonatickets.org\/fr\/politique-en-matiere-de-cookies\/","title":{"rendered":"Politique de cookies de Barcelona Tickets"},"content":{"rendered":"\t\t<div data-elementor-type=\"wp-page\" data-elementor-id=\"904\" class=\"elementor elementor-904 elementor-322\">\n\t\t\t\t\t\t\t\t\t<section class=\"elementor-section elementor-top-section elementor-element elementor-element-5e8befdb elementor-section-boxed elementor-section-height-default elementor-section-height-default\" data-id=\"5e8befdb\" data-element_type=\"section\">\n\t\t\t\t\t\t<div class=\"elementor-container elementor-column-gap-default\">\n\t\t\t\t\t<div class=\"elementor-column elementor-col-100 elementor-top-column elementor-element elementor-element-2ed3c4b6\" data-id=\"2ed3c4b6\" data-element_type=\"column\">\n\t\t\t<div class=\"elementor-widget-wrap elementor-element-populated\">\n\t\t\t\t\t\t\t\t<div class=\"elementor-element elementor-element-4a8ba147 elementor-widget elementor-widget-text-editor\" data-id=\"4a8ba147\" data-element_type=\"widget\" data-widget_type=\"text-editor.default\">\n\t\t\t\t<div class=\"elementor-widget-container\">\n\t\t\t<style>\/*! elementor - v3.15.0 - 31-07-2023 *\/\n.elementor-widget-text-editor.elementor-drop-cap-view-stacked .elementor-drop-cap{background-color:#69727d;color:#fff}.elementor-widget-text-editor.elementor-drop-cap-view-framed .elementor-drop-cap{color:#69727d;border:3px solid;background-color:transparent}.elementor-widget-text-editor:not(.elementor-drop-cap-view-default) .elementor-drop-cap{margin-top:8px}.elementor-widget-text-editor:not(.elementor-drop-cap-view-default) .elementor-drop-cap-letter{width:1em;height:1em}.elementor-widget-text-editor .elementor-drop-cap{float:left;text-align:center;line-height:1;font-size:50px}.elementor-widget-text-editor .elementor-drop-cap-letter{display:inline-block}<\/style>\t\t\t\t<p><strong>1. IDENTIFICATION ET COORDONN\u00c9ES DU RESPONSABLE DU TRAITEMENT<\/strong><\/p>\n<p><span style=\"font-weight: 400;\"><img loading=\"lazy\" decoding=\"async\" class=\"alignnone size-full wp-image-4640\" src=\"http:\/\/barcelonatickets.org\/wp-content\/uploads\/Ticket-Management-System-SL.webp\" alt=\"\" width=\"254\" height=\"16\">Num\u00e9ro d&rsquo;identification  <img loading=\"lazy\" decoding=\"async\" class=\"alignnone size-full wp-image-4665\" src=\"http:\/\/barcelonatickets.org\/wp-content\/uploads\/NIF-TMS.webp\" alt=\"NIF TMS\" width=\"111\" height=\"16\">dont le si\u00e8ge social est situ\u00e9 Calle Balmes n\u00ba 32, Principal 2\u00aa, C.P. 08007 Barcelona (Espagne) et inscrit au Registre du Commerce de (Barcelona) sous le Volume 47314, Page 29 (ci-apr\u00e8s, le \u00ab\u00a0Responsable du Traitement\u00a0\u00bb), est responsable du traitement des donn\u00e9es collect\u00e9es ou g\u00e9n\u00e9r\u00e9es \u00e0 la suite de l&rsquo;acc\u00e8s, de l&rsquo;utilisation et de la navigation des utilisateurs du site www.barcelonatickets.org (ci-apr\u00e8s, l'\u00a0\u00bb Utilisateur \u00a0\u00bb ou les \u00a0\u00bb Utilisateurs \u00a0\u00bb et le \u00a0\u00bb Site Web \u00a0\u00bb ou la \u00a0\u00bb Toile \u00a0\u00bb respectivement), et utilise des cookies afin de contr\u00f4ler les habitudes de navigation des Utilisateurs sur cette Toile, comme indiqu\u00e9 dans la pr\u00e9sente politique de cookies (ci-apr\u00e8s, la \u00a0\u00bb Politique de Cookies \u00ab\u00a0).<\/span><\/p>\n<p><strong>2. CONCEPT<\/strong><\/p>\n<p><span style=\"font-weight: 400;\">Un cookie est un fichier qui est t\u00e9l\u00e9charg\u00e9 sur le mat\u00e9riel utilis\u00e9 par l&rsquo;utilisateur lorsqu&rsquo;il acc\u00e8de \u00e0 certaines pages web afin de stocker et de r\u00e9cup\u00e9rer des informations sur la navigation effectu\u00e9e \u00e0 partir de son appareil. Ainsi, les informations collect\u00e9es par le biais des cookies nous permettent d&rsquo;obtenir des informations sur les habitudes de navigation des utilisateurs.<\/span><\/p>\n<p><strong>3. TYPES DE COOKIES ET TRAITEMENT DES DONN\u00c9ES PAR LES COOKIES<\/strong><\/p>\n<p><span style=\"font-weight: 400;\">Ce site Internet autorise uniquement l&rsquo;utilisation de cookies de l&rsquo;outil Google Analytics appartenant \u00e0 Google, Inc. (ci-apr\u00e8s \u00a0\u00bb Google \u00ab\u00a0), soci\u00e9t\u00e9 enregistr\u00e9e dans le Delaware, sise 1600 Amphitheatre Parkway, Mountain View (California), CA 94043, USA, qui est donc le tiers responsable des donn\u00e9es personnelles.<\/span><\/p>\n<p><span style=\"font-weight: 400;\">\u00c0 cet \u00e9gard, Google Analytics capture les interactions des utilisateurs sur le site Web (heure de la visite, si l&rsquo;utilisateur a d\u00e9j\u00e0 visit\u00e9 le site auparavant, quel site a recommand\u00e9 \u00e0 l&rsquo;utilisateur de visiter le site Web en question, l&rsquo;adresse IP, etc.) et ne fournit au responsable du traitement aucune information concernant l&rsquo;adresse IP r\u00e9elle de l&rsquo;utilisateur, mais uniquement des informations statistiques sur les visites (visiteurs uniques, nombre de pages consult\u00e9es, page\/vue, dur\u00e9e moyenne de la visite, taux de rebond, % de nouvelles visites, nouveaux visiteurs et visiteurs de retour, fr\u00e9quence et visites r\u00e9centes, interactions, pages visit\u00e9es), les donn\u00e9es d\u00e9mographiques (langue, pays\/territoire, ville), le syst\u00e8me (navigateur, syst\u00e8me d&rsquo;exploitation, fournisseur d&rsquo;acc\u00e8s \u00e0 Internet, cat\u00e9gorie d&rsquo;appareil), la source\/le support, etc.<\/span><\/p>\n<p><strong>4. OBJECTIF DES COOKIES<\/strong><\/p>\n<p><span style=\"font-weight: 400;\">L&rsquo;objectif est que le contr\u00f4leur des donn\u00e9es puisse conna\u00eetre les habitudes de navigation des utilisateurs du site Web et consulter divers rapports d\u00e9crivant l&rsquo;interaction des utilisateurs qui visitent le site Web dans le but de l&rsquo;am\u00e9liorer. Gr\u00e2ce \u00e0 ces informations, le contr\u00f4leur des donn\u00e9es peut analyser la navigation des utilisateurs du site Web, et Google Analytics rapporte \u00e9galement les tendances du site Web sans identifier ses utilisateurs.<\/span><\/p>\n<p><span style=\"font-weight: 400;\">Par ailleurs, l&rsquo;utilisateur peut consulter les conditions g\u00e9n\u00e9rales de Google \u00e0 l&rsquo;adresse www.google.com\/analytics\/tos.html et sa politique de confidentialit\u00e9 \u00e0 l&rsquo;adresse www.google.com\/intl\/es\/policies\/privacy.<\/span><\/p>\n<p><span style=\"font-weight: 400;\">Cependant, le contr\u00f4leur des donn\u00e9es ne peut pas contr\u00f4ler et n&rsquo;est pas responsable du contenu et de la v\u00e9racit\u00e9 des conditions g\u00e9n\u00e9rales et des politiques de confidentialit\u00e9 de Google r\u00e9f\u00e9renc\u00e9es dans la pr\u00e9sente politique en mati\u00e8re de cookies.<\/span><\/p>\n<p><strong>5. D\u00c9SACTIVATION DES COOKIES<\/strong><\/p>\n<p><span style=\"font-weight: 400;\">Les visiteurs du site web peuvent \u00e0 tout moment r\u00e9voquer le consentement donn\u00e9 en cliquant sur le bouton situ\u00e9 en haut de la pr\u00e9sente politique en mati\u00e8re de cookies.<\/span><\/p>\n<p><span style=\"font-weight: 400;\">Vous pouvez \u00e9galement d\u00e9sactiver les cookies de Google Analytics en utilisant les syst\u00e8mes suivants :<\/span><\/p>\n<ol>\n<li><span style=\"font-weight: 400;\">Le syst\u00e8me de d\u00e9sactivation de Google Analytics est accessible \u00e0 partir du lien suivant : <\/span><span style=\"font-weight: 400;\">https:\/\/tools.google.com\/dlpage\/gaoptout?hl=es <\/span> <\/li>\n<li><span style=\"font-weight: 400;\">Param\u00e8tres du navigateur ; par exemple :<\/span><\/li>\n<li style=\"list-style-type: none;\">\n<ol>\n<li style=\"list-style-type: none;\">\n<ol>\n<li><span style=\"font-weight: 400;\">Chrome, \u00e0 partir de support.google.com\/chrome\/answer\/95647?hl=fr<\/span><\/li>\n<li><span style=\"font-weight: 400;\">Explorer, \u00e0 partir de support.microsoft.com\/en-us\/help\/17442\/windows-internetexplorer-delete-manage-cookies<\/span><\/li>\n<li><span style=\"font-weight: 400;\">Firefox, \u00e0 partir de support.mozilla.org\/kb\/kb\/en\/fr\/enable-and-disable-cookies-websites-tracking-preferences<\/span><\/li>\n<li><span style=\"font-weight: 400;\">Safari, \u00e0 partir de support.apple.com\/fr\/en\/guide\/safari\/sfri11471\/mac<\/span><\/li>\n<\/ol>\n<\/li>\n<\/ol>\n<\/li>\n<\/ol>\n<p><span style=\"font-weight: 400;\">La d\u00e9sactivation des cookies de Google Analytics ne vous emp\u00eachera pas d&rsquo;utiliser ce site Web. Si vous supprimez tous les cookies de ce site Web, par le biais de votre navigateur, vous supprimerez \u00e9galement les param\u00e8tres que vous avez choisis pour nos cookies. Dans tous les cas, vous devez acc\u00e9der \u00e0 la version la plus r\u00e9cente de chaque navigateur, et dans le cas o\u00f9 vous utilisez un autre navigateur Internet que ceux indiqu\u00e9s pr\u00e9c\u00e9demment, nous vous recommandons de consulter les diff\u00e9rentes options de gestion des cookies qui peuvent \u00eatre disponibles dans le m\u00eame \u00e0 tout moment.<\/span><\/p>\n<p><strong>6. MODIFICATIONS DE LA POLITIQUE EN MATI\u00c8RE DE COOKIES<\/strong><\/p>\n<p><span style=\"font-weight: 400;\">Afin de s&rsquo;assurer que les directives du contr\u00f4leur des donn\u00e9es en mati\u00e8re de cookies sont toujours conformes aux exigences l\u00e9gales en vigueur \u00e0 un moment donn\u00e9, le contr\u00f4leur des donn\u00e9es se r\u00e9serve le droit d&rsquo;apporter des modifications \u00e0 la pr\u00e9sente politique en mati\u00e8re de cookies.<\/span><\/p>\n<p><strong>7. COMMUNICATIONS ET TRANSFERTS INTERNATIONAUX DE DONN\u00c9ES<\/strong><\/p>\n<p><span style=\"font-weight: 400;\">Les cookies tiers utilis\u00e9s sur le site Web appartiennent \u00e0 Google, situ\u00e9 aux \u00c9tats-Unis, en dehors de l&rsquo;Espace \u00e9conomique europ\u00e9en. Google est signataire du bouclier de protection de la vie priv\u00e9e UE-\u00c9tats-Unis.<\/span><\/p>\n<p><span style=\"font-weight: 400;\">Les donn\u00e9es ne seront pas communiqu\u00e9es \u00e0 des tiers, sauf dans les cas pr\u00e9vus par la politique de confidentialit\u00e9 susmentionn\u00e9e de Google.<\/span><\/p>\n<p><strong>8. POLITIQUE EN MATI\u00c8RE DE PROTECTION DE LA VIE PRIV\u00c9E<\/strong><\/p>\n<p><span style=\"font-weight: 400;\">Veuillez lire notre <a href=\"https:\/\/barcelonatickets.org\/privacy-policy-2\/\">politique de confidentialit\u00e9<\/a> pour plus d&rsquo;informations sur le traitement des donn\u00e9es personnelles.<\/span><\/p>\n<p><strong>9. DROITS DE L&rsquo;UTILISATEUR<\/strong><\/p>\n<p><span style=\"font-weight: 400;\">L&rsquo;utilisateur peut exercer les droits d&rsquo;acc\u00e8s, de rectification, d&rsquo;effacement, d&rsquo;opposition, de limitation du traitement et de portabilit\u00e9, le cas \u00e9ch\u00e9ant, ainsi que r\u00e9voquer son consentement, en ce qui concerne le traitement dont le responsable du traitement est charg\u00e9. Pour l&rsquo;exercice effectif de ces droits, l&rsquo;utilisateur doit soumettre sa demande par \u00e9crit \u00e0 l&rsquo;adresse suivante  <a href=\"https:\/\/barcelonatickets.org\/contact\/\">formulaire de contact<\/a>Les demandeurs d&rsquo;asile doivent s&rsquo;identifier en fournissant leurs nom et pr\u00e9nom(s), une photocopie de leur carte d&rsquo;identit\u00e9 nationale ou d&rsquo;un document d&rsquo;identification \u00e9quivalent prouvant leur identit\u00e9, une p\u00e9tition sp\u00e9cifiant la demande, l&rsquo;adresse aux fins de notifications, ainsi que la date et la signature du demandeur.<\/span><\/p>\n<p><span style=\"font-weight: 400;\">Pour l&rsquo;exercice des droits \u00e0 l&rsquo;encontre de Google, vous devez vous r\u00e9f\u00e9rer aux dispositions de sa politique de confidentialit\u00e9 indiqu\u00e9e ci-dessus.<\/span><\/p>\n<p><span style=\"font-weight: 400;\">De m\u00eame, l&rsquo;utilisateur peut d\u00e9poser une plainte aupr\u00e8s de l&rsquo;Agence espagnole de protection des donn\u00e9es (autorit\u00e9 de contr\u00f4le comp\u00e9tente en la mati\u00e8re en Espagne), en particulier lorsque l&rsquo;exercice de ses droits n&rsquo;a pas \u00e9t\u00e9 satisfaisant, par \u00e9crit, \u00e0 C\/ Jorge Juan, n\u00ba 6, 28001 &#8211; Madrid, ou par le biais du site Web : www.agpd.es.<\/span><\/p>\n\t\t\t\t\t\t<\/div>\n\t\t\t\t<\/div>\n\t\t\t\t\t<\/div>\n\t\t<\/div>\n\t\t\t\t\t\t\t<\/div>\n\t\t<\/section>\n\t\t\t\t\t\t\t<\/div>\n\t\t","protected":false},"excerpt":{"rendered":"<p>1. IDENTIFICATION ET COORDONN\u00c9ES DU RESPONSABLE DU TRAITEMENT Num\u00e9ro d&rsquo;identification dont le si\u00e8ge social est situ\u00e9 Calle Balmes n\u00ba 32, Principal 2\u00aa, C.P. 08007 Barcelona (Espagne) et inscrit au Registre du Commerce de (Barcelona) sous le Volume 47314, Page 29 (ci-apr\u00e8s, le \u00ab\u00a0Responsable du Traitement\u00a0\u00bb), est responsable du traitement des donn\u00e9es collect\u00e9es ou g\u00e9n\u00e9r\u00e9es \u00e0 [&hellip;]<\/p>\n","protected":false},"author":1,"featured_media":0,"parent":0,"menu_order":0,"comment_status":"closed","ping_status":"closed","template":"","meta":{"footnotes":""},"class_list":["post-904","page","type-page","status-publish","hentry"],"yoast_head":"<!-- This site is optimized with the Yoast SEO plugin v20.12 - https:\/\/yoast.com\/wordpress\/plugins\/seo\/ -->\n<title>Politique de cookies de Barcelona Tickets - Barcelona Tickets<\/title>\n<meta name=\"description\" content=\"Consultez notre politique en mati\u00e8re de cookies pour acheter en toute s\u00e9curit\u00e9 des billets pour les monuments embl\u00e9matiques de Barcelone. Faites confiance \u00e0 une exp\u00e9rience en ligne agr\u00e9able et s\u00e9curis\u00e9e.\" \/>\n<meta name=\"robots\" content=\"noindex, follow\" \/>\n<meta property=\"og:locale\" content=\"fr_FR\" \/>\n<meta property=\"og:type\" content=\"article\" \/>\n<meta property=\"og:title\" content=\"Politique de cookies de Barcelona Tickets - Barcelona Tickets\" \/>\n<meta property=\"og:description\" content=\"Consultez notre politique en mati\u00e8re de cookies pour acheter en toute s\u00e9curit\u00e9 des billets pour les monuments embl\u00e9matiques de Barcelone. Faites confiance \u00e0 une exp\u00e9rience en ligne agr\u00e9able et s\u00e9curis\u00e9e.\" \/>\n<meta property=\"og:url\" content=\"https:\/\/barcelonatickets.org\/fr\/politique-en-matiere-de-cookies\/\" \/>\n<meta property=\"og:site_name\" content=\"Barcelona Tickets\" \/>\n<meta property=\"article:modified_time\" content=\"2024-03-21T11:24:23+00:00\" \/>\n<meta property=\"og:image\" content=\"http:\/\/barcelonatickets.org\/wp-content\/uploads\/Ticket-Management-System-SL.webp\" \/>\n<meta name=\"twitter:card\" content=\"summary_large_image\" \/>\n<meta name=\"twitter:label1\" content=\"Dur\u00e9e de lecture estim\u00e9e\" \/>\n\t<meta name=\"twitter:data1\" content=\"5 minutes\" \/>\n<script type=\"application\/ld+json\" class=\"yoast-schema-graph\">{\"@context\":\"https:\/\/schema.org\",\"@graph\":[{\"@type\":\"WebPage\",\"@id\":\"https:\/\/barcelonatickets.org\/fr\/politique-en-matiere-de-cookies\/\",\"url\":\"https:\/\/barcelonatickets.org\/fr\/politique-en-matiere-de-cookies\/\",\"name\":\"Politique de cookies de Barcelona Tickets - Barcelona Tickets\",\"isPartOf\":{\"@id\":\"https:\/\/barcelonatickets.org\/fr\/#website\"},\"datePublished\":\"2023-04-06T12:22:16+00:00\",\"dateModified\":\"2024-03-21T11:24:23+00:00\",\"description\":\"Consultez notre politique en mati\u00e8re de cookies pour acheter en toute s\u00e9curit\u00e9 des billets pour les monuments embl\u00e9matiques de Barcelone. Faites confiance \u00e0 une exp\u00e9rience en ligne agr\u00e9able et s\u00e9curis\u00e9e.\",\"breadcrumb\":{\"@id\":\"https:\/\/barcelonatickets.org\/fr\/politique-en-matiere-de-cookies\/#breadcrumb\"},\"inLanguage\":\"fr-FR\",\"potentialAction\":[{\"@type\":\"ReadAction\",\"target\":[\"https:\/\/barcelonatickets.org\/fr\/politique-en-matiere-de-cookies\/\"]}]},{\"@type\":\"BreadcrumbList\",\"@id\":\"https:\/\/barcelonatickets.org\/fr\/politique-en-matiere-de-cookies\/#breadcrumb\",\"itemListElement\":[{\"@type\":\"ListItem\",\"position\":1,\"name\":\"Home\",\"item\":\"https:\/\/barcelonatickets.org\/fr\/\"},{\"@type\":\"ListItem\",\"position\":2,\"name\":\"Politique de cookies de Barcelona Tickets\"}]},{\"@type\":\"WebSite\",\"@id\":\"https:\/\/barcelonatickets.org\/fr\/#website\",\"url\":\"https:\/\/barcelonatickets.org\/fr\/\",\"name\":\"Barcelona Tickets\",\"description\":\"\",\"publisher\":{\"@id\":\"https:\/\/barcelonatickets.org\/fr\/#organization\"},\"potentialAction\":[{\"@type\":\"SearchAction\",\"target\":{\"@type\":\"EntryPoint\",\"urlTemplate\":\"https:\/\/barcelonatickets.org\/fr\/?s={search_term_string}\"},\"query-input\":\"required name=search_term_string\"}],\"inLanguage\":\"fr-FR\"},{\"@type\":\"Organization\",\"@id\":\"https:\/\/barcelonatickets.org\/fr\/#organization\",\"name\":\"Barcelona Tickets\",\"url\":\"https:\/\/barcelonatickets.org\/fr\/\",\"logo\":{\"@type\":\"ImageObject\",\"inLanguage\":\"fr-FR\",\"@id\":\"https:\/\/barcelonatickets.org\/fr\/#\/schema\/logo\/image\/\",\"url\":\"https:\/\/barcelonatickets.org\/wp-content\/uploads\/2023\/05\/logo-bt-3.png\",\"contentUrl\":\"https:\/\/barcelonatickets.org\/wp-content\/uploads\/2023\/05\/logo-bt-3.png\",\"width\":225,\"height\":37,\"caption\":\"Barcelona Tickets\"},\"image\":{\"@id\":\"https:\/\/barcelonatickets.org\/fr\/#\/schema\/logo\/image\/\"}}]}<\/script>\n<!-- \/ Yoast SEO plugin. -->","yoast_head_json":{"title":"Politique de cookies de Barcelona Tickets - Barcelona Tickets","description":"Consultez notre politique en mati\u00e8re de cookies pour acheter en toute s\u00e9curit\u00e9 des billets pour les monuments embl\u00e9matiques de Barcelone. Faites confiance \u00e0 une exp\u00e9rience en ligne agr\u00e9able et s\u00e9curis\u00e9e.","robots":{"index":"noindex","follow":"follow"},"og_locale":"fr_FR","og_type":"article","og_title":"Politique de cookies de Barcelona Tickets - Barcelona Tickets","og_description":"Consultez notre politique en mati\u00e8re de cookies pour acheter en toute s\u00e9curit\u00e9 des billets pour les monuments embl\u00e9matiques de Barcelone. Faites confiance \u00e0 une exp\u00e9rience en ligne agr\u00e9able et s\u00e9curis\u00e9e.","og_url":"https:\/\/barcelonatickets.org\/fr\/politique-en-matiere-de-cookies\/","og_site_name":"Barcelona Tickets","article_modified_time":"2024-03-21T11:24:23+00:00","og_image":[{"url":"http:\/\/barcelonatickets.org\/wp-content\/uploads\/Ticket-Management-System-SL.webp"}],"twitter_card":"summary_large_image","twitter_misc":{"Dur\u00e9e de lecture estim\u00e9e":"5 minutes"},"schema":{"@context":"https:\/\/schema.org","@graph":[{"@type":"WebPage","@id":"https:\/\/barcelonatickets.org\/fr\/politique-en-matiere-de-cookies\/","url":"https:\/\/barcelonatickets.org\/fr\/politique-en-matiere-de-cookies\/","name":"Politique de cookies de Barcelona Tickets - Barcelona Tickets","isPartOf":{"@id":"https:\/\/barcelonatickets.org\/fr\/#website"},"datePublished":"2023-04-06T12:22:16+00:00","dateModified":"2024-03-21T11:24:23+00:00","description":"Consultez notre politique en mati\u00e8re de cookies pour acheter en toute s\u00e9curit\u00e9 des billets pour les monuments embl\u00e9matiques de Barcelone. Faites confiance \u00e0 une exp\u00e9rience en ligne agr\u00e9able et s\u00e9curis\u00e9e.","breadcrumb":{"@id":"https:\/\/barcelonatickets.org\/fr\/politique-en-matiere-de-cookies\/#breadcrumb"},"inLanguage":"fr-FR","potentialAction":[{"@type":"ReadAction","target":["https:\/\/barcelonatickets.org\/fr\/politique-en-matiere-de-cookies\/"]}]},{"@type":"BreadcrumbList","@id":"https:\/\/barcelonatickets.org\/fr\/politique-en-matiere-de-cookies\/#breadcrumb","itemListElement":[{"@type":"ListItem","position":1,"name":"Home","item":"https:\/\/barcelonatickets.org\/fr\/"},{"@type":"ListItem","position":2,"name":"Politique de cookies de Barcelona Tickets"}]},{"@type":"WebSite","@id":"https:\/\/barcelonatickets.org\/fr\/#website","url":"https:\/\/barcelonatickets.org\/fr\/","name":"Barcelona Tickets","description":"","publisher":{"@id":"https:\/\/barcelonatickets.org\/fr\/#organization"},"potentialAction":[{"@type":"SearchAction","target":{"@type":"EntryPoint","urlTemplate":"https:\/\/barcelonatickets.org\/fr\/?s={search_term_string}"},"query-input":"required name=search_term_string"}],"inLanguage":"fr-FR"},{"@type":"Organization","@id":"https:\/\/barcelonatickets.org\/fr\/#organization","name":"Barcelona Tickets","url":"https:\/\/barcelonatickets.org\/fr\/","logo":{"@type":"ImageObject","inLanguage":"fr-FR","@id":"https:\/\/barcelonatickets.org\/fr\/#\/schema\/logo\/image\/","url":"https:\/\/barcelonatickets.org\/wp-content\/uploads\/2023\/05\/logo-bt-3.png","contentUrl":"https:\/\/barcelonatickets.org\/wp-content\/uploads\/2023\/05\/logo-bt-3.png","width":225,"height":37,"caption":"Barcelona Tickets"},"image":{"@id":"https:\/\/barcelonatickets.org\/fr\/#\/schema\/logo\/image\/"}}]}},"_links":{"self":[{"href":"https:\/\/barcelonatickets.org\/fr\/wp-json\/wp\/v2\/pages\/904","targetHints":{"allow":["GET"]}}],"collection":[{"href":"https:\/\/barcelonatickets.org\/fr\/wp-json\/wp\/v2\/pages"}],"about":[{"href":"https:\/\/barcelonatickets.org\/fr\/wp-json\/wp\/v2\/types\/page"}],"author":[{"embeddable":true,"href":"https:\/\/barcelonatickets.org\/fr\/wp-json\/wp\/v2\/users\/1"}],"replies":[{"embeddable":true,"href":"https:\/\/barcelonatickets.org\/fr\/wp-json\/wp\/v2\/comments?post=904"}],"version-history":[{"count":17,"href":"https:\/\/barcelonatickets.org\/fr\/wp-json\/wp\/v2\/pages\/904\/revisions"}],"predecessor-version":[{"id":5196,"href":"https:\/\/barcelonatickets.org\/fr\/wp-json\/wp\/v2\/pages\/904\/revisions\/5196"}],"wp:attachment":[{"href":"https:\/\/barcelonatickets.org\/fr\/wp-json\/wp\/v2\/media?parent=904"}],"curies":[{"name":"wp","href":"https:\/\/api.w.org\/{rel}","templated":true}]}}