{"id":896,"date":"2023-04-06T12:22:16","date_gmt":"2023-04-06T12:22:16","guid":{"rendered":"https:\/\/barcelonatickets.org\/informativa-sui-cookie\/"},"modified":"2024-03-21T11:20:28","modified_gmt":"2024-03-21T11:20:28","slug":"informativa-sui-cookie","status":"publish","type":"page","link":"https:\/\/barcelonatickets.org\/it\/informativa-sui-cookie\/","title":{"rendered":"Informativa sui cookie di Barcelona Tickets"},"content":{"rendered":"\t\t<div data-elementor-type=\"wp-page\" data-elementor-id=\"896\" class=\"elementor elementor-896 elementor-322\">\n\t\t\t\t\t\t\t\t\t<section class=\"elementor-section elementor-top-section elementor-element elementor-element-5e8befdb elementor-section-boxed elementor-section-height-default elementor-section-height-default\" data-id=\"5e8befdb\" data-element_type=\"section\">\n\t\t\t\t\t\t<div class=\"elementor-container elementor-column-gap-default\">\n\t\t\t\t\t<div class=\"elementor-column elementor-col-100 elementor-top-column elementor-element elementor-element-2ed3c4b6\" data-id=\"2ed3c4b6\" data-element_type=\"column\">\n\t\t\t<div class=\"elementor-widget-wrap elementor-element-populated\">\n\t\t\t\t\t\t\t\t<div class=\"elementor-element elementor-element-4a8ba147 elementor-widget elementor-widget-text-editor\" data-id=\"4a8ba147\" data-element_type=\"widget\" data-widget_type=\"text-editor.default\">\n\t\t\t\t<div class=\"elementor-widget-container\">\n\t\t\t<style>\/*! elementor - v3.15.0 - 31-07-2023 *\/\n.elementor-widget-text-editor.elementor-drop-cap-view-stacked .elementor-drop-cap{background-color:#69727d;color:#fff}.elementor-widget-text-editor.elementor-drop-cap-view-framed .elementor-drop-cap{color:#69727d;border:3px solid;background-color:transparent}.elementor-widget-text-editor:not(.elementor-drop-cap-view-default) .elementor-drop-cap{margin-top:8px}.elementor-widget-text-editor:not(.elementor-drop-cap-view-default) .elementor-drop-cap-letter{width:1em;height:1em}.elementor-widget-text-editor .elementor-drop-cap{float:left;text-align:center;line-height:1;font-size:50px}.elementor-widget-text-editor .elementor-drop-cap-letter{display:inline-block}<\/style>\t\t\t\t<p><strong>1. IDENTIFICAZIONE E DATI DI CONTATTO DEL RESPONSABILE DEL TRATTAMENTO<\/strong><\/p>\n<p><span style=\"font-weight: 400;\"><img loading=\"lazy\" decoding=\"async\" class=\"alignnone size-full wp-image-4640\" src=\"http:\/\/barcelonatickets.org\/wp-content\/uploads\/Ticket-Management-System-SL.webp\" alt=\"\" width=\"254\" height=\"16\">, numero ID  <img loading=\"lazy\" decoding=\"async\" class=\"alignnone size-full wp-image-4665\" src=\"http:\/\/barcelonatickets.org\/wp-content\/uploads\/NIF-TMS.webp\" alt=\"NIF TMS\" width=\"111\" height=\"16\">, con sede in Calle Balmes n\u00ba 32, Principal 2\u00aa, C.P. 08007 Barcellona (Spagna) e registrata presso il Registro delle Imprese di (Barcellona) al Volume 47314, Pagina 29 (di seguito, il &#8220;Titolare del trattamento&#8221;), \u00e8 responsabile del trattamento dei dati raccolti o generati a seguito dell&#8217;accesso, dell&#8217;utilizzo e della navigazione degli utenti di www.barcelonatickets.org (di seguito, rispettivamente, l'&#8221;Utente&#8221; o gli &#8220;Utenti&#8221; e il &#8220;Sito web&#8221; o la &#8220;Rete&#8221;), e utilizza i cookie per monitorare le abitudini di navigazione degli Utenti su questa Rete, come indicato nella presente politica sui cookie (di seguito, la &#8220;Politica sui cookie&#8221;).<\/span><\/p>\n<p><strong>2. CONCETTO<\/strong><\/p>\n<p><span style=\"font-weight: 400;\">Un cookie \u00e8 un file che viene scaricato sull&#8217;hardware utilizzato dall&#8217;Utente quando accede a determinate pagine web al fine di memorizzare e recuperare informazioni sulla navigazione effettuata dal suo dispositivo. Pertanto, le informazioni raccolte attraverso i cookie ci permettono di ottenere informazioni sulle abitudini di navigazione degli utenti.<\/span><\/p>\n<p><strong>3. TIPI DI COOKIE E TRATTAMENTO DEI DATI DA PARTE DEI COOKIE<\/strong><\/p>\n<p><span style=\"font-weight: 400;\">Questo sito web consente esclusivamente l&#8217;utilizzo dei cookie dello strumento Google Analytics di Google, Inc. (di seguito &#8220;Google&#8221;), societ\u00e0 registrata nel Delaware, all&#8217;indirizzo 1600 Amphitheatre Parkway, Mountain View (California), CA 94043, USA, che \u00e8 pertanto il terzo responsabile dei dati personali.<\/span><\/p>\n<p><span style=\"font-weight: 400;\">A questo proposito, Google Analytics cattura le interazioni degli utenti sul Sito (ora della visita, se l&#8217;Utente \u00e8 gi\u00e0 stato sul sito in precedenza, quale sito ha consigliato all&#8217;Utente di visitare il sito in questione, indirizzo IP, ecc.) e non fornisce al Titolare del trattamento alcuna informazione relativa all&#8217;indirizzo IP reale dell&#8217;Utente, ma si limita a fornire informazioni statistiche relative alle visite (singoli visitatori, numero di pagine visualizzate, pagina\/visita, durata media della visita, frequenza di rimbalzo, % di nuove visite, visitatori nuovi e di ritorno, frequenza e visite recenti, interazioni, pagine visitate), ai dati demografici (lingua, paese\/territorio, citt\u00e0), al sistema (browser, sistema operativo, fornitore di accesso a Internet, categoria di dispositivo), alla fonte\/medium, ecc.<\/span><\/p>\n<p><strong>4. FINALIT\u00c0 DEI COOKIE<\/strong><\/p>\n<p><span style=\"font-weight: 400;\">Lo scopo \u00e8 quello di consentire al Titolare del trattamento di conoscere le abitudini di navigazione degli Utenti del Sito e di consultare vari rapporti che descrivono l&#8217;interazione degli Utenti che visitano il Sito al fine di migliorarlo. Attraverso queste informazioni, il Titolare del trattamento pu\u00f2 analizzare la navigazione degli Utenti del Sito, e Google Analytics riporta anche le tendenze del Sito senza identificare i suoi Utenti.<\/span><\/p>\n<p><span style=\"font-weight: 400;\">D&#8217;altra parte, l&#8217;Utente pu\u00f2 consultare i termini e le condizioni generali di Google all&#8217;indirizzo www.google.com\/analytics\/tos.html e l&#8217;informativa sulla privacy all&#8217;indirizzo www.google.com\/intl\/es\/policies\/privacy.<\/span><\/p>\n<p><span style=\"font-weight: 400;\">Tuttavia, il Titolare del trattamento non pu\u00f2 controllare e non \u00e8 responsabile del contenuto e della veridicit\u00e0 dei termini e delle condizioni e delle informative sulla privacy di Google citati nella presente Informativa sui cookie.<\/span><\/p>\n<p><strong>5. DISABILITAZIONE DEI COOKIE<\/strong><\/p>\n<p><span style=\"font-weight: 400;\">I visitatori del sito web possono revocare in qualsiasi momento il consenso dato attraverso il pulsante in cima alla presente Informativa sui cookie.<\/span><\/p>\n<p><span style=\"font-weight: 400;\">In alternativa, potete anche disabilitare i cookie di Google Analytics, utilizzando i seguenti sistemi:<\/span><\/p>\n<ol>\n<li><span style=\"font-weight: 400;\">Il sistema di opt-out di Google Analytics \u00e8 accessibile al seguente link: <\/span><span style=\"font-weight: 400;\">https:\/\/tools.google.com\/dlpage\/gaoptout?hl=es <\/span> <\/li>\n<li><span style=\"font-weight: 400;\">Impostazioni del browser, ad esempio:<\/span><\/li>\n<li style=\"list-style-type: none;\">\n<ol>\n<li style=\"list-style-type: none;\">\n<ol>\n<li><span style=\"font-weight: 400;\">Chrome, da support.google.com\/chrome\/answer\/95647?hl=en<\/span><\/li>\n<li><span style=\"font-weight: 400;\">Explorer, da support.microsoft.com\/en-us\/help\/17442\/windows-internetexplorer-delete-manage-cookies<\/span><\/li>\n<li><span style=\"font-weight: 400;\">Firefox, da support.mozilla.org\/kb\/kb\/it\/en\/enable-and-disable-cookies-websites-tracking-preferences<\/span><\/li>\n<li><span style=\"font-weight: 400;\">Safari, da support.apple.com\/en\/guide\/safari\/sfri11471\/mac<\/span><\/li>\n<\/ol>\n<\/li>\n<\/ol>\n<\/li>\n<\/ol>\n<p><span style=\"font-weight: 400;\">La disabilitazione dei cookie di Google Analytics non impedir\u00e0 all&#8217;utente di utilizzare il Sito. Se cancellate tutti i cookie da questo sito web, attraverso il vostro browser, cancellerete anche le impostazioni che avete scelto per i nostri cookie. In ogni caso, \u00e8 necessario accedere alla versione pi\u00f9 aggiornata di ciascun browser e, nel caso in cui si utilizzi un browser Internet diverso da quelli precedentemente indicati, si consiglia di consultare le diverse opzioni di gestione dei cookie che possono essere disponibili nello stesso in qualsiasi momento.<\/span><\/p>\n<p><strong>6. MODIFICHE ALLA POLITICA SUI COOKIE<\/strong><\/p>\n<p><span style=\"font-weight: 400;\">Per garantire che le linee guida sui cookie del Titolare del trattamento siano sempre conformi ai requisiti legali in vigore in un determinato momento, il Titolare del trattamento si riserva il diritto di apportare modifiche alla presente Cookie Policy.<\/span><\/p>\n<p><strong>7. COMUNICAZIONI E TRASFERIMENTI INTERNAZIONALI DI DATI<\/strong><\/p>\n<p><span style=\"font-weight: 400;\">I cookie di terze parti utilizzati sul Sito appartengono a Google, con sede negli Stati Uniti, al di fuori dello Spazio economico europeo. Google \u00e8 firmataria del Privacy Shield Framework UE-USA.<\/span><\/p>\n<p><span style=\"font-weight: 400;\">I dati non saranno comunicati a terzi, salvo quanto previsto dalla suddetta informativa sulla privacy di Google.<\/span><\/p>\n<p><strong>8. POLITICA SULLA PRIVACY<\/strong><\/p>\n<p><span style=\"font-weight: 400;\">Per ulteriori informazioni sul trattamento dei dati <a href=\"https:\/\/barcelonatickets.org\/privacy-policy-2\/\">personali<\/a>, leggere la nostra <a href=\"https:\/\/barcelonatickets.org\/privacy-policy-2\/\">Informativa sulla privacy<\/a>.<\/span><\/p>\n<p><strong>9. DIRITTI DELL&#8217;UTENTE<\/strong><\/p>\n<p><span style=\"font-weight: 400;\">L&#8217;Utente pu\u00f2 esercitare i diritti di accesso, rettifica, cancellazione, opposizione, limitazione del trattamento e portabilit\u00e0, ove applicabili, nonch\u00e9 revocare il proprio consenso, relativamente ai trattamenti di cui \u00e8 responsabile il Titolare del trattamento. Per l&#8217;effettivo esercizio di tali diritti, l&#8217;Utente deve presentare la richiesta per iscritto a  <a href=\"https:\/\/barcelonatickets.org\/contact\/\">modulo di contatto<\/a>e dimostrare la propria identit\u00e0 fornendo il proprio nome e cognome, una fotocopia della carta d&#8217;identit\u00e0 nazionale o di un documento d&#8217;identit\u00e0 equivalente che ne attesti l&#8217;identit\u00e0, una petizione che specifichi la richiesta, l&#8217;indirizzo per le notifiche, la data e la firma del richiedente.<\/span><\/p>\n<p><span style=\"font-weight: 400;\">Per l&#8217;esercizio dei diritti nei confronti di Google, l&#8217;utente deve fare riferimento alle disposizioni della sua politica sulla privacy indicate sopra.<\/span><\/p>\n<p><span style=\"font-weight: 400;\">Allo stesso modo, l&#8217;Utente pu\u00f2 presentare un reclamo all&#8217;Agenzia Spagnola per la Protezione dei Dati (Autorit\u00e0 di Controllo competente in materia in Spagna), in particolare quando l&#8217;esercizio dei suoi diritti \u00e8 stato insoddisfacente, per iscritto, a C\/ Jorge Juan, n\u00ba 6, 28001 &#8211; Madrid, o attraverso il web: www.agpd.es.<\/span><\/p>\n\t\t\t\t\t\t<\/div>\n\t\t\t\t<\/div>\n\t\t\t\t\t<\/div>\n\t\t<\/div>\n\t\t\t\t\t\t\t<\/div>\n\t\t<\/section>\n\t\t\t\t\t\t\t<\/div>\n\t\t","protected":false},"excerpt":{"rendered":"<p>1. IDENTIFICAZIONE E DATI DI CONTATTO DEL RESPONSABILE DEL TRATTAMENTO , numero ID , con sede in Calle Balmes n\u00ba 32, Principal 2\u00aa, C.P. 08007 Barcellona (Spagna) e registrata presso il Registro delle Imprese di (Barcellona) al Volume 47314, Pagina 29 (di seguito, il &#8220;Titolare del trattamento&#8221;), \u00e8 responsabile del trattamento dei dati raccolti o [&hellip;]<\/p>\n","protected":false},"author":1,"featured_media":0,"parent":0,"menu_order":0,"comment_status":"closed","ping_status":"closed","template":"","meta":{"footnotes":""},"class_list":["post-896","page","type-page","status-publish","hentry"],"yoast_head":"<!-- This site is optimized with the Yoast SEO plugin v20.12 - https:\/\/yoast.com\/wordpress\/plugins\/seo\/ -->\n<title>Informativa sui cookie di Barcelona Tickets - Barcelona Tickets<\/title>\n<meta name=\"description\" content=\"Esplorate la nostra Politica sui cookie per acquistare in modo sicuro i biglietti per i monumenti simbolo di Barcellona. Fidatevi di un&#039;esperienza online piacevole e sicura.\" \/>\n<meta name=\"robots\" content=\"noindex, follow\" \/>\n<meta property=\"og:locale\" content=\"it_IT\" \/>\n<meta property=\"og:type\" content=\"article\" \/>\n<meta property=\"og:title\" content=\"Informativa sui cookie di Barcelona Tickets - Barcelona Tickets\" \/>\n<meta property=\"og:description\" content=\"Esplorate la nostra Politica sui cookie per acquistare in modo sicuro i biglietti per i monumenti simbolo di Barcellona. Fidatevi di un&#039;esperienza online piacevole e sicura.\" \/>\n<meta property=\"og:url\" content=\"https:\/\/barcelonatickets.org\/it\/informativa-sui-cookie\/\" \/>\n<meta property=\"og:site_name\" content=\"Barcelona Tickets\" \/>\n<meta property=\"article:modified_time\" content=\"2024-03-21T11:20:28+00:00\" \/>\n<meta property=\"og:image\" content=\"http:\/\/barcelonatickets.org\/wp-content\/uploads\/Ticket-Management-System-SL.webp\" \/>\n<meta name=\"twitter:card\" content=\"summary_large_image\" \/>\n<meta name=\"twitter:label1\" content=\"Tempo di lettura stimato\" \/>\n\t<meta name=\"twitter:data1\" content=\"6 minuti\" \/>\n<script type=\"application\/ld+json\" class=\"yoast-schema-graph\">{\"@context\":\"https:\/\/schema.org\",\"@graph\":[{\"@type\":\"WebPage\",\"@id\":\"https:\/\/barcelonatickets.org\/it\/informativa-sui-cookie\/\",\"url\":\"https:\/\/barcelonatickets.org\/it\/informativa-sui-cookie\/\",\"name\":\"Informativa sui cookie di Barcelona Tickets - Barcelona Tickets\",\"isPartOf\":{\"@id\":\"https:\/\/barcelonatickets.org\/it\/#website\"},\"datePublished\":\"2023-04-06T12:22:16+00:00\",\"dateModified\":\"2024-03-21T11:20:28+00:00\",\"description\":\"Esplorate la nostra Politica sui cookie per acquistare in modo sicuro i biglietti per i monumenti simbolo di Barcellona. Fidatevi di un'esperienza online piacevole e sicura.\",\"breadcrumb\":{\"@id\":\"https:\/\/barcelonatickets.org\/it\/informativa-sui-cookie\/#breadcrumb\"},\"inLanguage\":\"it-IT\",\"potentialAction\":[{\"@type\":\"ReadAction\",\"target\":[\"https:\/\/barcelonatickets.org\/it\/informativa-sui-cookie\/\"]}]},{\"@type\":\"BreadcrumbList\",\"@id\":\"https:\/\/barcelonatickets.org\/it\/informativa-sui-cookie\/#breadcrumb\",\"itemListElement\":[{\"@type\":\"ListItem\",\"position\":1,\"name\":\"Home\",\"item\":\"https:\/\/barcelonatickets.org\/it\/\"},{\"@type\":\"ListItem\",\"position\":2,\"name\":\"Informativa sui cookie di Barcelona Tickets\"}]},{\"@type\":\"WebSite\",\"@id\":\"https:\/\/barcelonatickets.org\/it\/#website\",\"url\":\"https:\/\/barcelonatickets.org\/it\/\",\"name\":\"Barcelona Tickets\",\"description\":\"\",\"publisher\":{\"@id\":\"https:\/\/barcelonatickets.org\/it\/#organization\"},\"potentialAction\":[{\"@type\":\"SearchAction\",\"target\":{\"@type\":\"EntryPoint\",\"urlTemplate\":\"https:\/\/barcelonatickets.org\/it\/?s={search_term_string}\"},\"query-input\":\"required name=search_term_string\"}],\"inLanguage\":\"it-IT\"},{\"@type\":\"Organization\",\"@id\":\"https:\/\/barcelonatickets.org\/it\/#organization\",\"name\":\"Barcelona Tickets\",\"url\":\"https:\/\/barcelonatickets.org\/it\/\",\"logo\":{\"@type\":\"ImageObject\",\"inLanguage\":\"it-IT\",\"@id\":\"https:\/\/barcelonatickets.org\/it\/#\/schema\/logo\/image\/\",\"url\":\"https:\/\/barcelonatickets.org\/wp-content\/uploads\/2023\/05\/logo-bt-3.png\",\"contentUrl\":\"https:\/\/barcelonatickets.org\/wp-content\/uploads\/2023\/05\/logo-bt-3.png\",\"width\":225,\"height\":37,\"caption\":\"Barcelona Tickets\"},\"image\":{\"@id\":\"https:\/\/barcelonatickets.org\/it\/#\/schema\/logo\/image\/\"}}]}<\/script>\n<!-- \/ Yoast SEO plugin. -->","yoast_head_json":{"title":"Informativa sui cookie di Barcelona Tickets - Barcelona Tickets","description":"Esplorate la nostra Politica sui cookie per acquistare in modo sicuro i biglietti per i monumenti simbolo di Barcellona. Fidatevi di un'esperienza online piacevole e sicura.","robots":{"index":"noindex","follow":"follow"},"og_locale":"it_IT","og_type":"article","og_title":"Informativa sui cookie di Barcelona Tickets - Barcelona Tickets","og_description":"Esplorate la nostra Politica sui cookie per acquistare in modo sicuro i biglietti per i monumenti simbolo di Barcellona. Fidatevi di un'esperienza online piacevole e sicura.","og_url":"https:\/\/barcelonatickets.org\/it\/informativa-sui-cookie\/","og_site_name":"Barcelona Tickets","article_modified_time":"2024-03-21T11:20:28+00:00","og_image":[{"url":"http:\/\/barcelonatickets.org\/wp-content\/uploads\/Ticket-Management-System-SL.webp"}],"twitter_card":"summary_large_image","twitter_misc":{"Tempo di lettura stimato":"6 minuti"},"schema":{"@context":"https:\/\/schema.org","@graph":[{"@type":"WebPage","@id":"https:\/\/barcelonatickets.org\/it\/informativa-sui-cookie\/","url":"https:\/\/barcelonatickets.org\/it\/informativa-sui-cookie\/","name":"Informativa sui cookie di Barcelona Tickets - Barcelona Tickets","isPartOf":{"@id":"https:\/\/barcelonatickets.org\/it\/#website"},"datePublished":"2023-04-06T12:22:16+00:00","dateModified":"2024-03-21T11:20:28+00:00","description":"Esplorate la nostra Politica sui cookie per acquistare in modo sicuro i biglietti per i monumenti simbolo di Barcellona. Fidatevi di un'esperienza online piacevole e sicura.","breadcrumb":{"@id":"https:\/\/barcelonatickets.org\/it\/informativa-sui-cookie\/#breadcrumb"},"inLanguage":"it-IT","potentialAction":[{"@type":"ReadAction","target":["https:\/\/barcelonatickets.org\/it\/informativa-sui-cookie\/"]}]},{"@type":"BreadcrumbList","@id":"https:\/\/barcelonatickets.org\/it\/informativa-sui-cookie\/#breadcrumb","itemListElement":[{"@type":"ListItem","position":1,"name":"Home","item":"https:\/\/barcelonatickets.org\/it\/"},{"@type":"ListItem","position":2,"name":"Informativa sui cookie di Barcelona Tickets"}]},{"@type":"WebSite","@id":"https:\/\/barcelonatickets.org\/it\/#website","url":"https:\/\/barcelonatickets.org\/it\/","name":"Barcelona Tickets","description":"","publisher":{"@id":"https:\/\/barcelonatickets.org\/it\/#organization"},"potentialAction":[{"@type":"SearchAction","target":{"@type":"EntryPoint","urlTemplate":"https:\/\/barcelonatickets.org\/it\/?s={search_term_string}"},"query-input":"required name=search_term_string"}],"inLanguage":"it-IT"},{"@type":"Organization","@id":"https:\/\/barcelonatickets.org\/it\/#organization","name":"Barcelona Tickets","url":"https:\/\/barcelonatickets.org\/it\/","logo":{"@type":"ImageObject","inLanguage":"it-IT","@id":"https:\/\/barcelonatickets.org\/it\/#\/schema\/logo\/image\/","url":"https:\/\/barcelonatickets.org\/wp-content\/uploads\/2023\/05\/logo-bt-3.png","contentUrl":"https:\/\/barcelonatickets.org\/wp-content\/uploads\/2023\/05\/logo-bt-3.png","width":225,"height":37,"caption":"Barcelona Tickets"},"image":{"@id":"https:\/\/barcelonatickets.org\/it\/#\/schema\/logo\/image\/"}}]}},"_links":{"self":[{"href":"https:\/\/barcelonatickets.org\/it\/wp-json\/wp\/v2\/pages\/896","targetHints":{"allow":["GET"]}}],"collection":[{"href":"https:\/\/barcelonatickets.org\/it\/wp-json\/wp\/v2\/pages"}],"about":[{"href":"https:\/\/barcelonatickets.org\/it\/wp-json\/wp\/v2\/types\/page"}],"author":[{"embeddable":true,"href":"https:\/\/barcelonatickets.org\/it\/wp-json\/wp\/v2\/users\/1"}],"replies":[{"embeddable":true,"href":"https:\/\/barcelonatickets.org\/it\/wp-json\/wp\/v2\/comments?post=896"}],"version-history":[{"count":15,"href":"https:\/\/barcelonatickets.org\/it\/wp-json\/wp\/v2\/pages\/896\/revisions"}],"predecessor-version":[{"id":4706,"href":"https:\/\/barcelonatickets.org\/it\/wp-json\/wp\/v2\/pages\/896\/revisions\/4706"}],"wp:attachment":[{"href":"https:\/\/barcelonatickets.org\/it\/wp-json\/wp\/v2\/media?parent=896"}],"curies":[{"name":"wp","href":"https:\/\/api.w.org\/{rel}","templated":true}]}}